{"id":50472,"date":"2025-09-04T09:00:22","date_gmt":"2025-09-04T09:00:22","guid":{"rendered":"https:\/\/www.cyberguru.it\/demander-une-demo\/"},"modified":"2025-09-05T14:08:06","modified_gmt":"2025-09-05T14:08:06","slug":"demander-une-demo","status":"publish","type":"page","link":"https:\/\/www.cyberguru.it\/fr\/demander-une-demo\/","title":{"rendered":"Demander une d\u00e9mo"},"content":{"rendered":"<p>[et_pb_section fb_built=\u00a0\u00bb1&Prime; module_id=\u00a0\u00bbhhh\u00a0\u00bb _builder_version=\u00a0\u00bb4.27.4&Prime; _module_preset=\u00a0\u00bbdefault\u00a0\u00bb background_enable_color=\u00a0\u00bboff\u00a0\u00bb use_background_color_gradient=\u00a0\u00bbon\u00a0\u00bb background_color_gradient_direction=\u00a0\u00bb85deg\u00a0\u00bb background_color_gradient_stops=\u00a0\u00bb#010512 0%|#071036 75%\u00a0\u00bb background_enable_image=\u00a0\u00bboff\u00a0\u00bb min_height=\u00a0\u00bb100vh\u00a0\u00bb custom_margin=\u00a0\u00bb||||false|false\u00a0\u00bb custom_padding=\u00a0\u00bb||||false|false\u00a0\u00bb custom_css_main_element=\u00a0\u00bbmin-height:100vh;\u00a0\u00bb global_colors_info=\u00a0\u00bb{}\u00a0\u00bb][et_pb_row column_structure=\u00a0\u00bb1_2,1_2&Prime; _builder_version=\u00a0\u00bb4.27.4&Prime; _module_preset=\u00a0\u00bbdefault\u00a0\u00bb max_width=\u00a0\u00bb1440px\u00a0\u00bb custom_margin=\u00a0\u00bb||||false|false\u00a0\u00bb custom_margin_tablet=\u00a0\u00bb150px||||false|false\u00a0\u00bb custom_margin_phone=\u00a0\u00bb50px||||false|false\u00a0\u00bb custom_margin_last_edited=\u00a0\u00bbon|phone\u00a0\u00bb custom_css_main_element=\u00a0\u00bbmargin: 0 auto;\u00a0\u00bb global_colors_info=\u00a0\u00bb{}\u00a0\u00bb][et_pb_column type=\u00a0\u00bb1_2&Prime; _builder_version=\u00a0\u00bb4.18.0&Prime; _module_preset=\u00a0\u00bbdefault\u00a0\u00bb global_colors_info=\u00a0\u00bb{}\u00a0\u00bb][et_pb_image src=\u00a0\u00bbhttps:\/\/www.cyberguru.it\/wp-content\/uploads\/2022\/09\/Cyber-guru.webp\u00a0\u00bb alt=\u00a0\u00bbCyber-guru\u00a0\u00bb title_text=\u00a0\u00bbCyber-guru\u00a0\u00bb _builder_version=\u00a0\u00bb4.27.4&Prime; _module_preset=\u00a0\u00bbdefault\u00a0\u00bb height=\u00a0\u00bb56px\u00a0\u00bb custom_margin=\u00a0\u00bb||0px||false|false\u00a0\u00bb global_colors_info=\u00a0\u00bb{}\u00a0\u00bb][\/et_pb_image][et_pb_text _builder_version=\u00a0\u00bb4.27.4&Prime; _module_preset=\u00a0\u00bbdefault\u00a0\u00bb header_font=\u00a0\u00bbInter|700|||||||\u00a0\u00bb header_text_align=\u00a0\u00bbleft\u00a0\u00bb header_text_color=\u00a0\u00bb#FFFFFF\u00a0\u00bb header_font_size=\u00a0\u00bb50px\u00a0\u00bb header_line_height=\u00a0\u00bb77.45px\u00a0\u00bb custom_margin=\u00a0\u00bb||0px||false|false\u00a0\u00bb custom_padding=\u00a0\u00bb10px||||false|false\u00a0\u00bb header_font_size_tablet=\u00a0\u00bb64px\u00a0\u00bb header_font_size_phone=\u00a0\u00bb32px\u00a0\u00bb header_font_size_last_edited=\u00a0\u00bbon|phone\u00a0\u00bb header_line_height_tablet=\u00a0\u00bb77.45px\u00a0\u00bb header_line_height_phone=\u00a0\u00bb35px\u00a0\u00bb header_line_height_last_edited=\u00a0\u00bbon|phone\u00a0\u00bb global_colors_info=\u00a0\u00bb{}\u00a0\u00bb]<\/p>\n<h1>Demandez une d\u00e9mo<\/h1>\n<p>[\/et_pb_text][et_pb_text _builder_version=\u00a0\u00bb4.27.4&Prime; _module_preset=\u00a0\u00bbdefault\u00a0\u00bb text_font=\u00a0\u00bbInter||||||||\u00a0\u00bb text_text_color=\u00a0\u00bb#FFFFFF\u00a0\u00bb text_font_size=\u00a0\u00bb16px\u00a0\u00bb width_tablet=\u00a0\u00bb70%\u00a0\u00bb width_phone=\u00a0\u00bb90%\u00a0\u00bb width_last_edited=\u00a0\u00bbon|phone\u00a0\u00bb module_alignment=\u00a0\u00bbcenter\u00a0\u00bb custom_margin=\u00a0\u00bb||0px||false|false\u00a0\u00bb custom_padding=\u00a0\u00bb||||false|false\u00a0\u00bb global_colors_info=\u00a0\u00bb{}\u00a0\u00bb]<\/p>\n<p>D\u00e9couvrez l&rsquo;efficacit\u00e9 de notre plateforme dans la pr\u00e9vention des menaces cyber et comment ses parcours de formation contribuent \u00e0 att\u00e9nuer le risque humain. <strong> <\/strong><\/p>\n<p><strong>R\u00e9servez une d\u00e9mo d\u00e8s maintenant : l&rsquo;un de nos experts vous contactera sous peu.<\/strong><\/p>\n<p>[\/et_pb_text][et_pb_text _builder_version=\u00a0\u00bb4.27.4&Prime; _module_preset=\u00a0\u00bbdefault\u00a0\u00bb text_font=\u00a0\u00bbInter||||||||\u00a0\u00bb text_text_color=\u00a0\u00bb#FFFFFF\u00a0\u00bb text_font_size=\u00a0\u00bb20px\u00a0\u00bb width_tablet=\u00a0\u00bb70%\u00a0\u00bb width_phone=\u00a0\u00bb90%\u00a0\u00bb width_last_edited=\u00a0\u00bbon|phone\u00a0\u00bb module_alignment=\u00a0\u00bbcenter\u00a0\u00bb min_height=\u00a0\u00bb23.8px\u00a0\u00bb custom_margin=\u00a0\u00bb20px||20px||true|false\u00a0\u00bb global_colors_info=\u00a0\u00bb{}\u00a0\u00bb]<\/p>\n<p class=\"paragraph bold-text\"><strong>Durant la d\u00e9mo de 30 minutes, vous d\u00e9couvrirez :<\/strong><\/p>\n<p>[\/et_pb_text][et_pb_text _builder_version=\u00a0\u00bb4.27.4&Prime; _module_preset=\u00a0\u00bbdefault\u00a0\u00bb text_font=\u00a0\u00bbInter||||||||\u00a0\u00bb text_text_color=\u00a0\u00bb#FFFFFF\u00a0\u00bb text_font_size=\u00a0\u00bb16px\u00a0\u00bb text_line_height=\u00a0\u00bb1.1em\u00a0\u00bb width_tablet=\u00a0\u00bb70%\u00a0\u00bb width_phone=\u00a0\u00bb90%\u00a0\u00bb width_last_edited=\u00a0\u00bbon|phone\u00a0\u00bb module_alignment=\u00a0\u00bbcenter\u00a0\u00bb custom_margin=\u00a0\u00bb||40px||false|false\u00a0\u00bb global_colors_info=\u00a0\u00bb{}\u00a0\u00bb]<\/p>\n<p><img loading=\"lazy\" decoding=\"async\" src=\"https:\/\/www.cyberguru.it\/wp-content\/uploads\/2025\/07\/yes-300x220.png\" width=\"19\" height=\"14\" alt=\"\" class=\"wp-image-48831 alignnone size-medium\"> Une plateforme compl\u00e8te qui couvre tous les besoins en sensibilisation \u00e0 la s\u00e9curit\u00e9<\/p>\n<p><img loading=\"lazy\" decoding=\"async\" src=\"https:\/\/www.cyberguru.it\/wp-content\/uploads\/2025\/07\/yes-300x220.png\" width=\"19\" height=\"14\" alt=\"\" class=\"wp-image-48831 alignnone size-medium\"> Des r\u00e9sultats concrets gr\u00e2ce \u00e0 la m\u00e9thodologie, la gamification et le microlearning<\/p>\n<p><img loading=\"lazy\" decoding=\"async\" src=\"https:\/\/www.cyberguru.it\/wp-content\/uploads\/2025\/07\/yes-300x220.png\" width=\"19\" height=\"14\" alt=\"\" class=\"wp-image-48831 alignnone size-medium\"> Des parcours adaptatifs pour chaque r\u00f4le, avec un support op\u00e9rationnel toujours disponible<\/p>\n<p><img loading=\"lazy\" decoding=\"async\" src=\"https:\/\/www.cyberguru.it\/wp-content\/uploads\/2025\/07\/yes-300x220.png\" width=\"19\" height=\"14\" alt=\"\" class=\"wp-image-48831 alignnone size-medium\"> Une mise en \u0153uvre simple, un contr\u00f4le total et une conformit\u00e9 garantie<\/p>\n<p>[\/et_pb_text][et_pb_text _builder_version=\u00a0\u00bb4.27.4&Prime; _module_preset=\u00a0\u00bbdefault\u00a0\u00bb text_font=\u00a0\u00bbInter||||||||\u00a0\u00bb text_text_color=\u00a0\u00bb#FFFFFF\u00a0\u00bb text_font_size=\u00a0\u00bb16px\u00a0\u00bb text_line_height=\u00a0\u00bb1.5em\u00a0\u00bb background_enable_color=\u00a0\u00bboff\u00a0\u00bb use_background_color_gradient=\u00a0\u00bbon\u00a0\u00bb background_color_gradient_direction=\u00a0\u00bb105deg\u00a0\u00bb background_color_gradient_stops=\u00a0\u00bb#010512 0%|#071036 100%\u00a0\u00bb width_tablet=\u00a0\u00bb70%\u00a0\u00bb width_phone=\u00a0\u00bb90%\u00a0\u00bb width_last_edited=\u00a0\u00bbon|phone\u00a0\u00bb module_alignment=\u00a0\u00bbcenter\u00a0\u00bb custom_margin=\u00a0\u00bb||20px||false|false\u00a0\u00bb custom_padding=\u00a0\u00bb30px|30px|30px|30px|true|true\u00a0\u00bb border_radii=\u00a0\u00bbon|10px|10px|10px|10px\u00a0\u00bb border_width_all=\u00a0\u00bb1px\u00a0\u00bb border_color_all=\u00a0\u00bbgcid-ea7ac644-2741-4063-86d6-d9905bae6680&Prime; box_shadow_style=\u00a0\u00bbpreset1&Prime; box_shadow_color=\u00a0\u00bbgcid-ea7ac644-2741-4063-86d6-d9905bae6680&Prime; global_colors_info=\u00a0\u00bb{%22gcid-ea7ac644-2741-4063-86d6-d9905bae6680%22:%91%22border_color_all%22,%22box_shadow_color%22%93}\u00a0\u00bb]<\/p>\n<p>\u00ab Nous avons \u00e9valu\u00e9 diff\u00e9rentes solutions, y compris celles propos\u00e9es par des fournisseurs internationaux \u00e9mergents, mais nous avons finalement choisi Cyber Guru pour la haute qualit\u00e9 de ses contenus et sa capacit\u00e9 \u00e0 les rendre vraiment captivants&#8230; \u00bb<\/p>\n<p><strong>Ugo Vignolo Lutati<\/strong>, <strong>Directeur de la S\u00e9curit\u00e9 des Syst\u00e8mes d&rsquo;Information (CISO) du Groupe Prada<\/strong>.<\/p>\n<p><img loading=\"lazy\" decoding=\"async\" src=\"https:\/\/www.cyberguru.it\/wp-content\/uploads\/2025\/01\/Prada_Group_white-300x52.png\" width=\"184\" height=\"32\" alt=\"Prada_Group_white\" class=\"wp-image-42211 size-medium\"><\/p>\n<p>[\/et_pb_text][et_pb_code admin_label=\u00a0\u00bbCode\u00a0\u00bb module_id=\u00a0\u00bbWidgetContainerFooter\u00a0\u00bb _builder_version=\u00a0\u00bb4.27.4&Prime; _module_preset=\u00a0\u00bbdefault\u00a0\u00bb text_orientation=\u00a0\u00bbright\u00a0\u00bb custom_margin=\u00a0\u00bb||10px|30px|false|false\u00a0\u00bb custom_css_main_element=\u00a0\u00bbfloat: unset !important;\u00a0\u00bb locked=\u00a0\u00bboff\u00a0\u00bb global_colors_info=\u00a0\u00bb{}\u00a0\u00bb]<script type=\"text\/javascript\"> <!-- [et_pb_line_break_holder] -->  GartnerPI_Widget({ <!-- [et_pb_line_break_holder] -->   size: \"line\", <!-- [et_pb_line_break_holder] -->   theme: \"dark\", <!-- [et_pb_line_break_holder] -->   sourcingLink: \"https:\/\/gtnr.io\/8BMt7aXwd\", <!-- [et_pb_line_break_holder] -->   widget_id: \"N2I0ZmFkYTAtZGI2Yy00Y2QxLThhNGMtMzYwNzkzNGVkNmQ5\", <!-- [et_pb_line_break_holder] -->   version: \"2\", <!-- [et_pb_line_break_holder] -->\/\/ container: document.getElementById('widget-container2')<!-- [et_pb_line_break_holder] -->   container: document.getElementById('WidgetContainerFooter')<!-- [et_pb_line_break_holder] --> }) <!-- [et_pb_line_break_holder] --><\/script>[\/et_pb_code][\/et_pb_column][et_pb_column type=\u00a0\u00bb1_2&Prime; _builder_version=\u00a0\u00bb4.18.0&Prime; _module_preset=\u00a0\u00bbdefault\u00a0\u00bb global_colors_info=\u00a0\u00bb{}\u00a0\u00bb][et_pb_code _builder_version=\u00a0\u00bb4.19.4&Prime; _module_preset=\u00a0\u00bbdefault\u00a0\u00bb global_colors_info=\u00a0\u00bb{}\u00a0\u00bb locked=\u00a0\u00bboff\u00a0\u00bb background_color=\u00a0\u00bb#FFFFFF\u00a0\u00bb custom_padding=\u00a0\u00bb30px|30px|30px|30px|true|true\u00a0\u00bb border_radii=\u00a0\u00bbon|20px|20px|20px|20px\u00a0\u00bb]<script charset=\"utf-8\" type=\"text\/javascript\" src=\"\/\/js-eu1.hsforms.net\/forms\/embed\/v2.js\"><\/script><!-- [et_pb_line_break_holder] --><script><!-- [et_pb_line_break_holder] -->  hbspt.forms.create({<!-- [et_pb_line_break_holder] -->    region: \"eu1\",<!-- [et_pb_line_break_holder] -->    portalId: \"25364581\",<!-- [et_pb_line_break_holder] -->    formId: \"15430dae-4ba5-4134-85d7-72bfc12a7d93\"<!-- [et_pb_line_break_holder] -->  });<!-- [et_pb_line_break_holder] --><\/script>[\/et_pb_code][\/et_pb_column][\/et_pb_row][\/et_pb_section]<\/p>\n","protected":false},"excerpt":{"rendered":"<p>Demandez une d\u00e9moD\u00e9couvrez l&rsquo;efficacit\u00e9 de notre plateforme dans la pr\u00e9vention des menaces cyber et comment ses parcours de formation contribuent \u00e0 att\u00e9nuer le risque humain. R\u00e9servez une d\u00e9mo d\u00e8s maintenant : l&rsquo;un de nos experts vous contactera sous peu.Durant la d\u00e9mo de 30 minutes, vous d\u00e9couvrirez : Une plateforme compl\u00e8te qui couvre tous les besoins [&hellip;]<\/p>\n","protected":false},"author":4,"featured_media":0,"parent":0,"menu_order":0,"comment_status":"closed","ping_status":"closed","template":"","meta":{"_et_pb_use_builder":"on","_et_pb_old_content":"","_et_gb_content_width":"","content-type":"","footnotes":""},"class_list":["post-50472","page","type-page","status-publish","hentry"],"yoast_head":"<!-- This site is optimized with the Yoast SEO Premium plugin v27.4 (Yoast SEO v27.4) - https:\/\/yoast.com\/product\/yoast-seo-premium-wordpress\/ -->\n<title>Demandez une d\u00e9mo de la plateforme de sensibilisation \u00e0 la s\u00e9curit\u00e9 - Cyber Guru<\/title>\n<meta name=\"description\" content=\"D\u00e9couvrez notre plateforme et r\u00e9servez une d\u00e9mo pour comprendre comment pr\u00e9venir les menaces cyber avec des r\u00e9sultats concrets.\" \/>\n<meta name=\"robots\" content=\"index, follow, max-snippet:-1, max-image-preview:large, max-video-preview:-1\" \/>\n<link rel=\"canonical\" href=\"https:\/\/www.cyberguru.it\/fr\/demander-une-demo\/\" \/>\n<meta property=\"og:locale\" content=\"fr_FR\" \/>\n<meta property=\"og:type\" content=\"article\" \/>\n<meta property=\"og:title\" content=\"Demander une d\u00e9mo\" \/>\n<meta property=\"og:description\" content=\"D\u00e9couvrez notre plateforme et r\u00e9servez une d\u00e9mo pour comprendre comment pr\u00e9venir les menaces cyber avec des r\u00e9sultats concrets.\" \/>\n<meta property=\"og:url\" content=\"https:\/\/www.cyberguru.it\/fr\/demander-une-demo\/\" \/>\n<meta property=\"og:site_name\" content=\"Cyber Guru\" \/>\n<meta property=\"article:publisher\" content=\"https:\/\/www.facebook.com\/Cyber.Guru.Enterprise\" \/>\n<meta property=\"article:modified_time\" content=\"2025-09-05T14:08:06+00:00\" \/>\n<meta property=\"og:image\" content=\"https:\/\/www.cyberguru.it\/wp-content\/uploads\/2025\/07\/yes-300x220.png\" \/>\n<meta name=\"twitter:card\" content=\"summary_large_image\" \/>\n<meta name=\"twitter:label1\" content=\"Dur\u00e9e de lecture estim\u00e9e\" \/>\n\t<meta name=\"twitter:data1\" content=\"4 minutes\" \/>\n<script type=\"application\/ld+json\" class=\"yoast-schema-graph\">{\"@context\":\"https:\\\/\\\/schema.org\",\"@graph\":[{\"@type\":\"WebPage\",\"@id\":\"https:\\\/\\\/www.cyberguru.it\\\/fr\\\/demander-une-demo\\\/\",\"url\":\"https:\\\/\\\/www.cyberguru.it\\\/fr\\\/demander-une-demo\\\/\",\"name\":\"Demandez une d\u00e9mo de la plateforme de sensibilisation \u00e0 la s\u00e9curit\u00e9 - Cyber Guru\",\"isPartOf\":{\"@id\":\"https:\\\/\\\/www.cyberguru.it\\\/fr\\\/#website\"},\"primaryImageOfPage\":{\"@id\":\"https:\\\/\\\/www.cyberguru.it\\\/fr\\\/demander-une-demo\\\/#primaryimage\"},\"image\":{\"@id\":\"https:\\\/\\\/www.cyberguru.it\\\/fr\\\/demander-une-demo\\\/#primaryimage\"},\"thumbnailUrl\":\"https:\\\/\\\/www.cyberguru.it\\\/wp-content\\\/uploads\\\/2025\\\/07\\\/yes-300x220.png\",\"datePublished\":\"2025-09-04T09:00:22+00:00\",\"dateModified\":\"2025-09-05T14:08:06+00:00\",\"description\":\"D\u00e9couvrez notre plateforme et r\u00e9servez une d\u00e9mo pour comprendre comment pr\u00e9venir les menaces cyber avec des r\u00e9sultats concrets.\",\"breadcrumb\":{\"@id\":\"https:\\\/\\\/www.cyberguru.it\\\/fr\\\/demander-une-demo\\\/#breadcrumb\"},\"inLanguage\":\"fr-FR\",\"potentialAction\":[{\"@type\":\"ReadAction\",\"target\":[\"https:\\\/\\\/www.cyberguru.it\\\/fr\\\/demander-une-demo\\\/\"]}]},{\"@type\":\"ImageObject\",\"inLanguage\":\"fr-FR\",\"@id\":\"https:\\\/\\\/www.cyberguru.it\\\/fr\\\/demander-une-demo\\\/#primaryimage\",\"url\":\"https:\\\/\\\/www.cyberguru.it\\\/wp-content\\\/uploads\\\/2025\\\/07\\\/yes-300x220.png\",\"contentUrl\":\"https:\\\/\\\/www.cyberguru.it\\\/wp-content\\\/uploads\\\/2025\\\/07\\\/yes-300x220.png\"},{\"@type\":\"BreadcrumbList\",\"@id\":\"https:\\\/\\\/www.cyberguru.it\\\/fr\\\/demander-une-demo\\\/#breadcrumb\",\"itemListElement\":[{\"@type\":\"ListItem\",\"position\":1,\"name\":\"Home\",\"item\":\"https:\\\/\\\/www.cyberguru.it\\\/fr\\\/page-daccueil-v2-brouillon\\\/\"},{\"@type\":\"ListItem\",\"position\":2,\"name\":\"Demander une d\u00e9mo\"}]},{\"@type\":\"WebSite\",\"@id\":\"https:\\\/\\\/www.cyberguru.it\\\/fr\\\/#website\",\"url\":\"https:\\\/\\\/www.cyberguru.it\\\/fr\\\/\",\"name\":\"Cyber Guru\",\"description\":\"Security Awareness Training That Works!\",\"potentialAction\":[{\"@type\":\"SearchAction\",\"target\":{\"@type\":\"EntryPoint\",\"urlTemplate\":\"https:\\\/\\\/www.cyberguru.it\\\/fr\\\/?s={search_term_string}\"},\"query-input\":{\"@type\":\"PropertyValueSpecification\",\"valueRequired\":true,\"valueName\":\"search_term_string\"}}],\"inLanguage\":\"fr-FR\"}]}<\/script>\n<!-- \/ Yoast SEO Premium plugin. -->","yoast_head_json":{"title":"Demandez une d\u00e9mo de la plateforme de sensibilisation \u00e0 la s\u00e9curit\u00e9 - Cyber Guru","description":"D\u00e9couvrez notre plateforme et r\u00e9servez une d\u00e9mo pour comprendre comment pr\u00e9venir les menaces cyber avec des r\u00e9sultats concrets.","robots":{"index":"index","follow":"follow","max-snippet":"max-snippet:-1","max-image-preview":"max-image-preview:large","max-video-preview":"max-video-preview:-1"},"canonical":"https:\/\/www.cyberguru.it\/fr\/demander-une-demo\/","og_locale":"fr_FR","og_type":"article","og_title":"Demander une d\u00e9mo","og_description":"D\u00e9couvrez notre plateforme et r\u00e9servez une d\u00e9mo pour comprendre comment pr\u00e9venir les menaces cyber avec des r\u00e9sultats concrets.","og_url":"https:\/\/www.cyberguru.it\/fr\/demander-une-demo\/","og_site_name":"Cyber Guru","article_publisher":"https:\/\/www.facebook.com\/Cyber.Guru.Enterprise","article_modified_time":"2025-09-05T14:08:06+00:00","og_image":[{"url":"https:\/\/www.cyberguru.it\/wp-content\/uploads\/2025\/07\/yes-300x220.png","type":"","width":"","height":""}],"twitter_card":"summary_large_image","twitter_misc":{"Dur\u00e9e de lecture estim\u00e9e":"4 minutes"},"schema":{"@context":"https:\/\/schema.org","@graph":[{"@type":"WebPage","@id":"https:\/\/www.cyberguru.it\/fr\/demander-une-demo\/","url":"https:\/\/www.cyberguru.it\/fr\/demander-une-demo\/","name":"Demandez une d\u00e9mo de la plateforme de sensibilisation \u00e0 la s\u00e9curit\u00e9 - Cyber Guru","isPartOf":{"@id":"https:\/\/www.cyberguru.it\/fr\/#website"},"primaryImageOfPage":{"@id":"https:\/\/www.cyberguru.it\/fr\/demander-une-demo\/#primaryimage"},"image":{"@id":"https:\/\/www.cyberguru.it\/fr\/demander-une-demo\/#primaryimage"},"thumbnailUrl":"https:\/\/www.cyberguru.it\/wp-content\/uploads\/2025\/07\/yes-300x220.png","datePublished":"2025-09-04T09:00:22+00:00","dateModified":"2025-09-05T14:08:06+00:00","description":"D\u00e9couvrez notre plateforme et r\u00e9servez une d\u00e9mo pour comprendre comment pr\u00e9venir les menaces cyber avec des r\u00e9sultats concrets.","breadcrumb":{"@id":"https:\/\/www.cyberguru.it\/fr\/demander-une-demo\/#breadcrumb"},"inLanguage":"fr-FR","potentialAction":[{"@type":"ReadAction","target":["https:\/\/www.cyberguru.it\/fr\/demander-une-demo\/"]}]},{"@type":"ImageObject","inLanguage":"fr-FR","@id":"https:\/\/www.cyberguru.it\/fr\/demander-une-demo\/#primaryimage","url":"https:\/\/www.cyberguru.it\/wp-content\/uploads\/2025\/07\/yes-300x220.png","contentUrl":"https:\/\/www.cyberguru.it\/wp-content\/uploads\/2025\/07\/yes-300x220.png"},{"@type":"BreadcrumbList","@id":"https:\/\/www.cyberguru.it\/fr\/demander-une-demo\/#breadcrumb","itemListElement":[{"@type":"ListItem","position":1,"name":"Home","item":"https:\/\/www.cyberguru.it\/fr\/page-daccueil-v2-brouillon\/"},{"@type":"ListItem","position":2,"name":"Demander une d\u00e9mo"}]},{"@type":"WebSite","@id":"https:\/\/www.cyberguru.it\/fr\/#website","url":"https:\/\/www.cyberguru.it\/fr\/","name":"Cyber Guru","description":"Security Awareness Training That Works!","potentialAction":[{"@type":"SearchAction","target":{"@type":"EntryPoint","urlTemplate":"https:\/\/www.cyberguru.it\/fr\/?s={search_term_string}"},"query-input":{"@type":"PropertyValueSpecification","valueRequired":true,"valueName":"search_term_string"}}],"inLanguage":"fr-FR"}]}},"_links":{"self":[{"href":"https:\/\/www.cyberguru.it\/fr\/wp-json\/wp\/v2\/pages\/50472","targetHints":{"allow":["GET"]}}],"collection":[{"href":"https:\/\/www.cyberguru.it\/fr\/wp-json\/wp\/v2\/pages"}],"about":[{"href":"https:\/\/www.cyberguru.it\/fr\/wp-json\/wp\/v2\/types\/page"}],"author":[{"embeddable":true,"href":"https:\/\/www.cyberguru.it\/fr\/wp-json\/wp\/v2\/users\/4"}],"replies":[{"embeddable":true,"href":"https:\/\/www.cyberguru.it\/fr\/wp-json\/wp\/v2\/comments?post=50472"}],"version-history":[{"count":5,"href":"https:\/\/www.cyberguru.it\/fr\/wp-json\/wp\/v2\/pages\/50472\/revisions"}],"predecessor-version":[{"id":50507,"href":"https:\/\/www.cyberguru.it\/fr\/wp-json\/wp\/v2\/pages\/50472\/revisions\/50507"}],"wp:attachment":[{"href":"https:\/\/www.cyberguru.it\/fr\/wp-json\/wp\/v2\/media?parent=50472"}],"curies":[{"name":"wp","href":"https:\/\/api.w.org\/{rel}","templated":true}]}}