{"id":40865,"date":"2024-10-24T14:43:48","date_gmt":"2024-10-24T14:43:48","guid":{"rendered":"https:\/\/www.cyberguru.it\/?page_id=40865"},"modified":"2026-04-08T14:55:12","modified_gmt":"2026-04-08T14:55:12","slug":"comment-acheter","status":"publish","type":"page","link":"https:\/\/www.cyberguru.it\/fr\/comment-acheter\/","title":{"rendered":"Comment acheter"},"content":{"rendered":"<p>[et_pb_section fb_built=\u00a0\u00bb1&Prime; _builder_version=\u00a0\u00bb4.19.4&Prime; _module_preset=\u00a0\u00bbdefault\u00a0\u00bb background_image=\u00a0\u00bbhttps:\/\/www.cyberguru.it\/wp-content\/uploads\/2022\/10\/Hero-1.webp\u00a0\u00bb locked=\u00a0\u00bboff\u00a0\u00bb global_colors_info=\u00a0\u00bb{}\u00a0\u00bb][et_pb_row custom_padding_last_edited=\u00a0\u00bbon|phone\u00a0\u00bb _builder_version=\u00a0\u00bb4.19.4&Prime; _module_preset=\u00a0\u00bbdefault\u00a0\u00bb width=\u00a0\u00bb100%\u00a0\u00bb max_width=\u00a0\u00bb2560px\u00a0\u00bb custom_margin=\u00a0\u00bb150px||||false|false\u00a0\u00bb custom_padding=\u00a0\u00bb|||10%|false|false\u00a0\u00bb custom_padding_tablet=\u00a0\u00bb|||10%|false|false\u00a0\u00bb custom_padding_phone=\u00a0\u00bb|5%||5%|false|true\u00a0\u00bb global_colors_info=\u00a0\u00bb{}\u00a0\u00bb][et_pb_column type=\u00a0\u00bb4_4&Prime; _builder_version=\u00a0\u00bb4.18.0&Prime; _module_preset=\u00a0\u00bbdefault\u00a0\u00bb global_colors_info=\u00a0\u00bb{}\u00a0\u00bb][et_pb_text _builder_version=\u00a0\u00bb4.27.2&Prime; _module_preset=\u00a0\u00bbdefault\u00a0\u00bb header_font=\u00a0\u00bbInter|700|||||||\u00a0\u00bb header_text_color=\u00a0\u00bb#FFFFFF\u00a0\u00bb header_font_size=\u00a0\u00bb60px\u00a0\u00bb custom_margin=\u00a0\u00bb||||false|false\u00a0\u00bb custom_padding=\u00a0\u00bb||||false|false\u00a0\u00bb header_font_size_tablet=\u00a0\u00bb60px\u00a0\u00bb header_font_size_phone=\u00a0\u00bb42px\u00a0\u00bb header_font_size_last_edited=\u00a0\u00bbon|phone\u00a0\u00bb global_colors_info=\u00a0\u00bb{}\u00a0\u00bb]<\/p>\n<h1>Comment acheter<\/h1>\n<p>[\/et_pb_text][et_pb_button button_url=\u00a0\u00bb@ET-DC@eyJkeW5hbWljIjp0cnVlLCJjb250ZW50IjoicG9zdF9saW5rX3VybF9wYWdlIiwic2V0dGluZ3MiOnsicG9zdF9pZCI6IjExMTgifX0=@\u00a0\u00bb button_text=\u00a0\u00bbDEMANDEZ UNE D\u00c9MO\u00a0\u00bb button_alignment=\u00a0\u00bbleft\u00a0\u00bb disabled_on=\u00a0\u00bboff|off|off\u00a0\u00bb _builder_version=\u00a0\u00bb4.27.3&Prime; _dynamic_attributes=\u00a0\u00bbbutton_url\u00a0\u00bb _module_preset=\u00a0\u00bbdefault\u00a0\u00bb custom_button=\u00a0\u00bbon\u00a0\u00bb button_text_size=\u00a0\u00bb14px\u00a0\u00bb button_text_color=\u00a0\u00bb#FFFFFF\u00a0\u00bb button_bg_color=\u00a0\u00bb#f18a00&Prime; button_border_width=\u00a0\u00bb0px\u00a0\u00bb button_border_radius=\u00a0\u00bb3px\u00a0\u00bb button_font=\u00a0\u00bbRubik||||||||\u00a0\u00bb button_use_icon=\u00a0\u00bboff\u00a0\u00bb custom_margin=\u00a0\u00bb10px||10px||true|false\u00a0\u00bb custom_padding=\u00a0\u00bb8px||8px||true|true\u00a0\u00bb custom_css_main_element=\u00a0\u00bbwidth:200px;||min-width:200px;||max-width:200px;||text-align:center;\u00a0\u00bb saved_tabs=\u00a0\u00bball\u00a0\u00bb locked=\u00a0\u00bboff\u00a0\u00bb global_colors_info=\u00a0\u00bb{%22gcid-ea7ac644-2741-4063-86d6-d9905bae6680%22:%91%22button_bg_color%22%93}\u00a0\u00bb][\/et_pb_button][\/et_pb_column][\/et_pb_row][\/et_pb_section][et_pb_section fb_built=\u00a0\u00bb1&Prime; _builder_version=\u00a0\u00bb4.18.0&Prime; _module_preset=\u00a0\u00bbdefault\u00a0\u00bb background_enable_color=\u00a0\u00bboff\u00a0\u00bb background_image=\u00a0\u00bbhttps:\/\/www.cyberguru.it\/wp-content\/uploads\/2022\/10\/Rete_Neuronale-2ng.webp\u00a0\u00bb background_position=\u00a0\u00bbbottom_center\u00a0\u00bb custom_padding=\u00a0\u00bb50px||50px||true|false\u00a0\u00bb locked=\u00a0\u00bboff\u00a0\u00bb global_colors_info=\u00a0\u00bb{}\u00a0\u00bb][et_pb_row custom_padding_last_edited=\u00a0\u00bboff|desktop\u00a0\u00bb admin_label=\u00a0\u00bbRiga\u00a0\u00bb _builder_version=\u00a0\u00bb4.27.2&Prime; _module_preset=\u00a0\u00bbdefault\u00a0\u00bb background_enable_color=\u00a0\u00bboff\u00a0\u00bb max_width=\u00a0\u00bb1440px\u00a0\u00bb custom_margin=\u00a0\u00bb||0px||false|false\u00a0\u00bb custom_padding=\u00a0\u00bb||0px||false|true\u00a0\u00bb custom_padding_tablet=\u00a0\u00bb|100px||100px|false|true\u00a0\u00bb custom_padding_phone=\u00a0\u00bb70px|5px|0px|5px|false|true\u00a0\u00bb border_radii=\u00a0\u00bboff|10px|10px||\u00a0\u00bb locked=\u00a0\u00bboff\u00a0\u00bb global_colors_info=\u00a0\u00bb{}\u00a0\u00bb][et_pb_column type=\u00a0\u00bb4_4&Prime; _builder_version=\u00a0\u00bb4.18.0&Prime; _module_preset=\u00a0\u00bbdefault\u00a0\u00bb global_colors_info=\u00a0\u00bb{}\u00a0\u00bb][et_pb_text _builder_version=\u00a0\u00bb4.27.2&Prime; _module_preset=\u00a0\u00bbdefault\u00a0\u00bb text_font=\u00a0\u00bbInter||||||||\u00a0\u00bb text_font_size=\u00a0\u00bb16px\u00a0\u00bb text_orientation=\u00a0\u00bbcenter\u00a0\u00bb custom_padding=\u00a0\u00bb||30px||false|false\u00a0\u00bb global_colors_info=\u00a0\u00bb{}\u00a0\u00bb]<\/p>\n<p><span data-teams=\"true\"><span class=\"ui-provider a b c d e f g h i j k l m n o p q r s t u v w x y z ab ac ae af ag ah ai aj ak\" dir=\"ltr\">Attendez le chargement de la carte pour commencez la recherche d\u2019un partenaire<\/span><\/span><\/p>\n<p>[\/et_pb_text][et_pb_code _builder_version=\u00a0\u00bb4.27.6&Prime; _module_preset=\u00a0\u00bbdefault\u00a0\u00bb hover_enabled=\u00a0\u00bb0&Prime; global_colors_info=\u00a0\u00bb{}\u00a0\u00bb sticky_enabled=\u00a0\u00bb0&Prime;]<script type='text\/javascript' <!-- [et_pb_line_break_holder] -->        src='https:\/\/widgets.eu.ziftsolutions.com\/cyberguru.ziftsolutions.com\/js\/8aa3e5fe92ab91090192b9d9a2c52cbf' <!-- [et_pb_line_break_holder] -->        \/\/src='https:\/\/widgets.eu.ziftsolutions.com\/cyberguru.ziftsolutions.com\/js\/8aa3c51d8d75f8d7018d8989d9fb0172'<!-- [et_pb_line_break_holder] -->        charset='utf-8'><!-- [et_pb_line_break_holder] --><\/script>[\/et_pb_code][\/et_pb_column][\/et_pb_row][\/et_pb_section]<\/p>\n","protected":false},"excerpt":{"rendered":"<p>Comment acheterAttendez le chargement de la carte pour commencez la recherche d\u2019un partenaire<\/p>\n","protected":false},"author":4,"featured_media":0,"parent":0,"menu_order":0,"comment_status":"closed","ping_status":"closed","template":"","meta":{"_et_pb_use_builder":"on","_et_pb_old_content":"","_et_gb_content_width":"","content-type":"","footnotes":""},"class_list":["post-40865","page","type-page","status-publish","hentry"],"yoast_head":"<!-- This site is optimized with the Yoast SEO Premium plugin v27.3 (Yoast SEO v27.3) - https:\/\/yoast.com\/product\/yoast-seo-premium-wordpress\/ -->\n<title>Comment acheter - Cyber Guru solutions pour la sensibilisation \u00e0 la cybers\u00e9curit\u00e9<\/title>\n<meta name=\"description\" content=\"Trouvez un partenaire pr\u00e8s de chez vous pour commencer \u00e0 utiliser notre plateforme Cyber Guru.\" \/>\n<meta name=\"robots\" content=\"index, follow, max-snippet:-1, max-image-preview:large, max-video-preview:-1\" \/>\n<link rel=\"canonical\" href=\"https:\/\/www.cyberguru.it\/fr\/comment-acheter\/\" \/>\n<meta property=\"og:locale\" content=\"fr_FR\" \/>\n<meta property=\"og:type\" content=\"article\" \/>\n<meta property=\"og:title\" content=\"Comment acheter\" \/>\n<meta property=\"og:description\" content=\"Trouvez un partenaire pr\u00e8s de chez vous pour commencer \u00e0 utiliser notre plateforme Cyber Guru.\" \/>\n<meta property=\"og:url\" content=\"https:\/\/www.cyberguru.it\/fr\/comment-acheter\/\" \/>\n<meta property=\"og:site_name\" content=\"Cyber Guru\" \/>\n<meta property=\"article:publisher\" content=\"https:\/\/www.facebook.com\/Cyber.Guru.Enterprise\" \/>\n<meta property=\"article:modified_time\" content=\"2026-04-08T14:55:12+00:00\" \/>\n<meta property=\"og:image\" content=\"https:\/\/www.cyberguru.it\/wp-content\/uploads\/2023\/12\/social.jpg\" \/>\n\t<meta property=\"og:image:width\" content=\"1512\" \/>\n\t<meta property=\"og:image:height\" content=\"981\" \/>\n\t<meta property=\"og:image:type\" content=\"image\/jpeg\" \/>\n<meta name=\"twitter:card\" content=\"summary_large_image\" \/>\n<meta name=\"twitter:label1\" content=\"Dur\u00e9e de lecture estim\u00e9e\" \/>\n\t<meta name=\"twitter:data1\" content=\"3 minutes\" \/>\n<script type=\"application\/ld+json\" class=\"yoast-schema-graph\">{\"@context\":\"https:\\\/\\\/schema.org\",\"@graph\":[{\"@type\":\"WebPage\",\"@id\":\"https:\\\/\\\/www.cyberguru.it\\\/fr\\\/comment-acheter\\\/\",\"url\":\"https:\\\/\\\/www.cyberguru.it\\\/fr\\\/comment-acheter\\\/\",\"name\":\"Comment acheter - Cyber Guru solutions pour la sensibilisation \u00e0 la cybers\u00e9curit\u00e9\",\"isPartOf\":{\"@id\":\"https:\\\/\\\/www.cyberguru.it\\\/fr\\\/#website\"},\"datePublished\":\"2024-10-24T14:43:48+00:00\",\"dateModified\":\"2026-04-08T14:55:12+00:00\",\"description\":\"Trouvez un partenaire pr\u00e8s de chez vous pour commencer \u00e0 utiliser notre plateforme Cyber Guru.\",\"breadcrumb\":{\"@id\":\"https:\\\/\\\/www.cyberguru.it\\\/fr\\\/comment-acheter\\\/#breadcrumb\"},\"inLanguage\":\"fr-FR\",\"potentialAction\":[{\"@type\":\"ReadAction\",\"target\":[\"https:\\\/\\\/www.cyberguru.it\\\/fr\\\/comment-acheter\\\/\"]}]},{\"@type\":\"BreadcrumbList\",\"@id\":\"https:\\\/\\\/www.cyberguru.it\\\/fr\\\/comment-acheter\\\/#breadcrumb\",\"itemListElement\":[{\"@type\":\"ListItem\",\"position\":1,\"name\":\"Home\",\"item\":\"https:\\\/\\\/www.cyberguru.it\\\/fr\\\/page-daccueil-v2-brouillon\\\/\"},{\"@type\":\"ListItem\",\"position\":2,\"name\":\"Comment acheter\"}]},{\"@type\":\"WebSite\",\"@id\":\"https:\\\/\\\/www.cyberguru.it\\\/fr\\\/#website\",\"url\":\"https:\\\/\\\/www.cyberguru.it\\\/fr\\\/\",\"name\":\"Cyber Guru\",\"description\":\"Security Awareness Training That Works!\",\"potentialAction\":[{\"@type\":\"SearchAction\",\"target\":{\"@type\":\"EntryPoint\",\"urlTemplate\":\"https:\\\/\\\/www.cyberguru.it\\\/fr\\\/?s={search_term_string}\"},\"query-input\":{\"@type\":\"PropertyValueSpecification\",\"valueRequired\":true,\"valueName\":\"search_term_string\"}}],\"inLanguage\":\"fr-FR\"}]}<\/script>\n<!-- \/ Yoast SEO Premium plugin. -->","yoast_head_json":{"title":"Comment acheter - Cyber Guru solutions pour la sensibilisation \u00e0 la cybers\u00e9curit\u00e9","description":"Trouvez un partenaire pr\u00e8s de chez vous pour commencer \u00e0 utiliser notre plateforme Cyber Guru.","robots":{"index":"index","follow":"follow","max-snippet":"max-snippet:-1","max-image-preview":"max-image-preview:large","max-video-preview":"max-video-preview:-1"},"canonical":"https:\/\/www.cyberguru.it\/fr\/comment-acheter\/","og_locale":"fr_FR","og_type":"article","og_title":"Comment acheter","og_description":"Trouvez un partenaire pr\u00e8s de chez vous pour commencer \u00e0 utiliser notre plateforme Cyber Guru.","og_url":"https:\/\/www.cyberguru.it\/fr\/comment-acheter\/","og_site_name":"Cyber Guru","article_publisher":"https:\/\/www.facebook.com\/Cyber.Guru.Enterprise","article_modified_time":"2026-04-08T14:55:12+00:00","og_image":[{"width":1512,"height":981,"url":"https:\/\/www.cyberguru.it\/wp-content\/uploads\/2023\/12\/social.jpg","type":"image\/jpeg"}],"twitter_card":"summary_large_image","twitter_misc":{"Dur\u00e9e de lecture estim\u00e9e":"3 minutes"},"schema":{"@context":"https:\/\/schema.org","@graph":[{"@type":"WebPage","@id":"https:\/\/www.cyberguru.it\/fr\/comment-acheter\/","url":"https:\/\/www.cyberguru.it\/fr\/comment-acheter\/","name":"Comment acheter - Cyber Guru solutions pour la sensibilisation \u00e0 la cybers\u00e9curit\u00e9","isPartOf":{"@id":"https:\/\/www.cyberguru.it\/fr\/#website"},"datePublished":"2024-10-24T14:43:48+00:00","dateModified":"2026-04-08T14:55:12+00:00","description":"Trouvez un partenaire pr\u00e8s de chez vous pour commencer \u00e0 utiliser notre plateforme Cyber Guru.","breadcrumb":{"@id":"https:\/\/www.cyberguru.it\/fr\/comment-acheter\/#breadcrumb"},"inLanguage":"fr-FR","potentialAction":[{"@type":"ReadAction","target":["https:\/\/www.cyberguru.it\/fr\/comment-acheter\/"]}]},{"@type":"BreadcrumbList","@id":"https:\/\/www.cyberguru.it\/fr\/comment-acheter\/#breadcrumb","itemListElement":[{"@type":"ListItem","position":1,"name":"Home","item":"https:\/\/www.cyberguru.it\/fr\/page-daccueil-v2-brouillon\/"},{"@type":"ListItem","position":2,"name":"Comment acheter"}]},{"@type":"WebSite","@id":"https:\/\/www.cyberguru.it\/fr\/#website","url":"https:\/\/www.cyberguru.it\/fr\/","name":"Cyber Guru","description":"Security Awareness Training That Works!","potentialAction":[{"@type":"SearchAction","target":{"@type":"EntryPoint","urlTemplate":"https:\/\/www.cyberguru.it\/fr\/?s={search_term_string}"},"query-input":{"@type":"PropertyValueSpecification","valueRequired":true,"valueName":"search_term_string"}}],"inLanguage":"fr-FR"}]}},"_links":{"self":[{"href":"https:\/\/www.cyberguru.it\/fr\/wp-json\/wp\/v2\/pages\/40865","targetHints":{"allow":["GET"]}}],"collection":[{"href":"https:\/\/www.cyberguru.it\/fr\/wp-json\/wp\/v2\/pages"}],"about":[{"href":"https:\/\/www.cyberguru.it\/fr\/wp-json\/wp\/v2\/types\/page"}],"author":[{"embeddable":true,"href":"https:\/\/www.cyberguru.it\/fr\/wp-json\/wp\/v2\/users\/4"}],"replies":[{"embeddable":true,"href":"https:\/\/www.cyberguru.it\/fr\/wp-json\/wp\/v2\/comments?post=40865"}],"version-history":[{"count":14,"href":"https:\/\/www.cyberguru.it\/fr\/wp-json\/wp\/v2\/pages\/40865\/revisions"}],"predecessor-version":[{"id":56088,"href":"https:\/\/www.cyberguru.it\/fr\/wp-json\/wp\/v2\/pages\/40865\/revisions\/56088"}],"wp:attachment":[{"href":"https:\/\/www.cyberguru.it\/fr\/wp-json\/wp\/v2\/media?parent=40865"}],"curies":[{"name":"wp","href":"https:\/\/api.w.org\/{rel}","templated":true}]}}