{"id":25655,"date":"2023-01-17T19:05:00","date_gmt":"2023-01-17T19:05:00","guid":{"rendered":"http:\/\/35.157.126.229\/newsletter\/"},"modified":"2023-04-08T15:59:11","modified_gmt":"2023-04-08T15:59:11","slug":"newsletter","status":"publish","type":"page","link":"https:\/\/www.cyberguru.it\/fr\/newsletter\/","title":{"rendered":"Newsletter"},"content":{"rendered":"<p>[et_pb_section fb_built=\u00a0\u00bb1&Prime; _builder_version=\u00a0\u00bb4.18.0&Prime; _module_preset=\u00a0\u00bbdefault\u00a0\u00bb background_image=\u00a0\u00bbhttps:\/\/www.cyberguru.it\/wp-content\/uploads\/2022\/10\/Hero-1.webp\u00a0\u00bb locked=\u00a0\u00bboff\u00a0\u00bb global_colors_info=\u00a0\u00bb{}\u00a0\u00bb][et_pb_row custom_padding_last_edited=\u00a0\u00bbon|phone\u00a0\u00bb _builder_version=\u00a0\u00bb4.19.4&Prime; _module_preset=\u00a0\u00bbdefault\u00a0\u00bb width=\u00a0\u00bb100%\u00a0\u00bb max_width=\u00a0\u00bb2560px\u00a0\u00bb custom_margin=\u00a0\u00bb150px||||false|false\u00a0\u00bb custom_padding=\u00a0\u00bb|||10%|false|false\u00a0\u00bb custom_padding_tablet=\u00a0\u00bb|||10%|false|false\u00a0\u00bb custom_padding_phone=\u00a0\u00bb|5%||5%|false|true\u00a0\u00bb global_colors_info=\u00a0\u00bb{}\u00a0\u00bb][et_pb_column type=\u00a0\u00bb4_4&Prime; _builder_version=\u00a0\u00bb4.18.0&Prime; _module_preset=\u00a0\u00bbdefault\u00a0\u00bb global_colors_info=\u00a0\u00bb{}\u00a0\u00bb][et_pb_text _builder_version=\u00a0\u00bb4.19.4&Prime; _module_preset=\u00a0\u00bbdefault\u00a0\u00bb header_font=\u00a0\u00bbInter|700|||||||\u00a0\u00bb header_text_color=\u00a0\u00bb#FFFFFF\u00a0\u00bb header_font_size=\u00a0\u00bb60px\u00a0\u00bb custom_margin=\u00a0\u00bb||||false|false\u00a0\u00bb custom_padding=\u00a0\u00bb||||false|false\u00a0\u00bb header_font_size_tablet=\u00a0\u00bb60px\u00a0\u00bb header_font_size_phone=\u00a0\u00bb42px\u00a0\u00bb header_font_size_last_edited=\u00a0\u00bbon|phone\u00a0\u00bb global_colors_info=\u00a0\u00bb{}\u00a0\u00bb]<\/p>\n<h1>Newsletter<\/h1>\n<p>[\/et_pb_text][\/et_pb_column][\/et_pb_row][\/et_pb_section][et_pb_section fb_built=\u00a0\u00bb1&Prime; _builder_version=\u00a0\u00bb4.18.0&Prime; _module_preset=\u00a0\u00bbdefault\u00a0\u00bb background_enable_color=\u00a0\u00bboff\u00a0\u00bb background_image=\u00a0\u00bbhttps:\/\/www.cyberguru.it\/wp-content\/uploads\/2022\/10\/Rete_Neuronale-2ng.webp\u00a0\u00bb background_position=\u00a0\u00bbbottom_center\u00a0\u00bb custom_padding=\u00a0\u00bb50px||50px||true|false\u00a0\u00bb locked=\u00a0\u00bboff\u00a0\u00bb global_colors_info=\u00a0\u00bb{}\u00a0\u00bb][et_pb_row _builder_version=\u00a0\u00bb4.18.0&Prime; _module_preset=\u00a0\u00bbdefault\u00a0\u00bb max_width=\u00a0\u00bb1440px\u00a0\u00bb global_colors_info=\u00a0\u00bb{}\u00a0\u00bb][et_pb_column type=\u00a0\u00bb4_4&Prime; _builder_version=\u00a0\u00bb4.18.0&Prime; _module_preset=\u00a0\u00bbdefault\u00a0\u00bb global_colors_info=\u00a0\u00bb{}\u00a0\u00bb][et_pb_image src=\u00a0\u00bbhttps:\/\/www.cyberguru.it\/wp-content\/uploads\/2022\/09\/Di-piu\u0300.webp\u00a0\u00bb alt=\u00a0\u00bbplus\u00a0\u00bb title_text=\u00a0\u00bbplus\u00a0\u00bb _builder_version=\u00a0\u00bb4.18.0&Prime; _module_preset=\u00a0\u00bbdefault\u00a0\u00bb positioning=\u00a0\u00bbabsolute\u00a0\u00bb position_origin_a=\u00a0\u00bbbottom_right\u00a0\u00bb vertical_offset=\u00a0\u00bb-200px\u00a0\u00bb horizontal_offset=\u00a0\u00bb85px\u00a0\u00bb vertical_offset_tablet=\u00a0\u00bb-55px\u00a0\u00bb vertical_offset_phone=\u00a0\u00bb-90px\u00a0\u00bb vertical_offset_last_edited=\u00a0\u00bbon|phone\u00a0\u00bb horizontal_offset_tablet=\u00a0\u00bb-55px\u00a0\u00bb horizontal_offset_phone=\u00a0\u00bb-50px\u00a0\u00bb horizontal_offset_last_edited=\u00a0\u00bbon|phone\u00a0\u00bb position_origin_a_tablet=\u00a0\u00bbtop_left\u00a0\u00bb position_origin_a_phone=\u00a0\u00bbtop_left\u00a0\u00bb position_origin_a_last_edited=\u00a0\u00bbon|phone\u00a0\u00bb position_origin_f_tablet=\u00a0\u00bb\u00a0\u00bb position_origin_f_phone=\u00a0\u00bb\u00a0\u00bb position_origin_f_last_edited=\u00a0\u00bbon|phone\u00a0\u00bb position_origin_r_tablet=\u00a0\u00bb\u00a0\u00bb position_origin_r_phone=\u00a0\u00bb\u00a0\u00bb position_origin_r_last_edited=\u00a0\u00bbon|phone\u00a0\u00bb width=\u00a0\u00bb100%\u00a0\u00bb custom_margin=\u00a0\u00bb||||false|false\u00a0\u00bb positioning_tablet=\u00a0\u00bbabsolute\u00a0\u00bb positioning_phone=\u00a0\u00bbabsolute\u00a0\u00bb positioning_last_edited=\u00a0\u00bbon|phone\u00a0\u00bb global_colors_info=\u00a0\u00bb{}\u00a0\u00bb][\/et_pb_image][\/et_pb_column][\/et_pb_row][et_pb_row custom_padding_last_edited=\u00a0\u00bbon|phone\u00a0\u00bb admin_label=\u00a0\u00bbRiga\u00a0\u00bb _builder_version=\u00a0\u00bb4.18.0&Prime; _module_preset=\u00a0\u00bbdefault\u00a0\u00bb background_color=\u00a0\u00bb#FFFFFF\u00a0\u00bb max_width=\u00a0\u00bb1440px\u00a0\u00bb custom_margin=\u00a0\u00bb||0px||false|false\u00a0\u00bb custom_padding=\u00a0\u00bb70px|170px|0px|170px|false|true\u00a0\u00bb custom_padding_tablet=\u00a0\u00bb|100px||100px|false|true\u00a0\u00bb custom_padding_phone=\u00a0\u00bb70px|5px|0px|5px|false|true\u00a0\u00bb border_radii=\u00a0\u00bboff|10px|10px||\u00a0\u00bb box_shadow_style=\u00a0\u00bbpreset2&Prime; box_shadow_horizontal=\u00a0\u00bb0px\u00a0\u00bb global_colors_info=\u00a0\u00bb{}\u00a0\u00bb][et_pb_column type=\u00a0\u00bb4_4&Prime; _builder_version=\u00a0\u00bb4.18.0&Prime; _module_preset=\u00a0\u00bbdefault\u00a0\u00bb global_colors_info=\u00a0\u00bb{}\u00a0\u00bb][et_pb_text _builder_version=\u00a0\u00bb4.19.4&Prime; _module_preset=\u00a0\u00bbdefault\u00a0\u00bb text_font=\u00a0\u00bbRubik|300|||||||\u00a0\u00bb text_text_color=\u00a0\u00bbgcid-65b65f10-97af-4b49-9890-b01efe796309&Prime; text_font_size=\u00a0\u00bb20px\u00a0\u00bb header_2_font=\u00a0\u00bbInter|700|||||||\u00a0\u00bb header_2_text_color=\u00a0\u00bbgcid-65b65f10-97af-4b49-9890-b01efe796309&Prime; header_2_font_size=\u00a0\u00bb48px\u00a0\u00bb header_2_line_height=\u00a0\u00bb58px\u00a0\u00bb module_alignment=\u00a0\u00bbcenter\u00a0\u00bb custom_margin=\u00a0\u00bb||25px||false|false\u00a0\u00bb custom_padding=\u00a0\u00bb||0px||false|false\u00a0\u00bb header_2_font_size_tablet=\u00a0\u00bb48px\u00a0\u00bb header_2_font_size_phone=\u00a0\u00bb32px\u00a0\u00bb header_2_font_size_last_edited=\u00a0\u00bbon|phone\u00a0\u00bb header_2_line_height_tablet=\u00a0\u00bb58px\u00a0\u00bb header_2_line_height_phone=\u00a0\u00bb35px\u00a0\u00bb header_2_line_height_last_edited=\u00a0\u00bbon|phone\u00a0\u00bb global_colors_info=\u00a0\u00bb{%22gcid-65b65f10-97af-4b49-9890-b01efe796309%22:%91%22text_text_color%22,%22header_2_text_color%22%93}\u00a0\u00bb]<\/p>\n<h2 style=\"text-align: center;\">Abonnez-vous \u00e0 la newsletter<\/h2>\n<p>[\/et_pb_text][\/et_pb_column][\/et_pb_row][et_pb_row custom_padding_last_edited=\u00a0\u00bbon|phone\u00a0\u00bb _builder_version=\u00a0\u00bb4.19.4&Prime; _module_preset=\u00a0\u00bbdefault\u00a0\u00bb background_color=\u00a0\u00bb#FFFFFF\u00a0\u00bb max_width=\u00a0\u00bb1440px\u00a0\u00bb custom_margin=\u00a0\u00bb0px||||false|false\u00a0\u00bb custom_padding=\u00a0\u00bb0px|160px|70px|160px|false|true\u00a0\u00bb custom_padding_tablet=\u00a0\u00bb0px|160px|70px|160px|false|true\u00a0\u00bb custom_padding_phone=\u00a0\u00bb0px|0px|70px|0px|false|true\u00a0\u00bb border_radii=\u00a0\u00bboff|||15px|15px\u00a0\u00bb box_shadow_style=\u00a0\u00bbpreset2&Prime; box_shadow_vertical=\u00a0\u00bb20px\u00a0\u00bb global_colors_info=\u00a0\u00bb{}\u00a0\u00bb][et_pb_column type=\u00a0\u00bb4_4&Prime; _builder_version=\u00a0\u00bb4.18.0&Prime; _module_preset=\u00a0\u00bbdefault\u00a0\u00bb global_colors_info=\u00a0\u00bb{}\u00a0\u00bb][et_pb_code _builder_version=\u00a0\u00bb4.19.4&Prime; _module_preset=\u00a0\u00bbdefault\u00a0\u00bb global_colors_info=\u00a0\u00bb{}\u00a0\u00bb]<script charset=\"utf-8\" type=\"text\/javascript\" src=\"\/\/js-eu1.hsforms.net\/forms\/embed\/v2.js\"><\/script><!-- [et_pb_line_break_holder] --><script><!-- [et_pb_line_break_holder] -->hbspt.forms.create({<!-- [et_pb_line_break_holder] -->region: \"eu1\",<!-- [et_pb_line_break_holder] -->portalId: \"25364581\",<!-- [et_pb_line_break_holder] -->formId: \"d747aa95-e341-4ec8-b61a-a30a920a9b38\"<!-- [et_pb_line_break_holder] -->});<!-- [et_pb_line_break_holder] --><\/script>[\/et_pb_code][\/et_pb_column][\/et_pb_row][et_pb_row _builder_version=\u00a0\u00bb4.18.0&Prime; _module_preset=\u00a0\u00bbdefault\u00a0\u00bb max_width=\u00a0\u00bb1440px\u00a0\u00bb global_colors_info=\u00a0\u00bb{}\u00a0\u00bb][et_pb_column type=\u00a0\u00bb4_4&Prime; _builder_version=\u00a0\u00bb4.18.0&Prime; _module_preset=\u00a0\u00bbdefault\u00a0\u00bb global_colors_info=\u00a0\u00bb{}\u00a0\u00bb][et_pb_image src=\u00a0\u00bbhttps:\/\/www.cyberguru.it\/wp-content\/uploads\/2022\/09\/Vuoi-saperne.webp\u00a0\u00bb alt=\u00a0\u00bbEn savoir\u00a0\u00bb title_text=\u00a0\u00bbEn savoir\u00a0\u00bb align=\u00a0\u00bbright\u00a0\u00bb _builder_version=\u00a0\u00bb4.18.0&Prime; _module_preset=\u00a0\u00bbdefault\u00a0\u00bb positioning=\u00a0\u00bbabsolute\u00a0\u00bb position_origin_a=\u00a0\u00bbbottom_right\u00a0\u00bb vertical_offset=\u00a0\u00bb-20px\u00a0\u00bb horizontal_offset=\u00a0\u00bb-100px\u00a0\u00bb vertical_offset_tablet=\u00a0\u00bb-20px\u00a0\u00bb vertical_offset_phone=\u00a0\u00bb-80px\u00a0\u00bb vertical_offset_last_edited=\u00a0\u00bbon|phone\u00a0\u00bb horizontal_offset_tablet=\u00a0\u00bb-100px\u00a0\u00bb horizontal_offset_phone=\u00a0\u00bb-130px\u00a0\u00bb horizontal_offset_last_edited=\u00a0\u00bbon|phone\u00a0\u00bb width=\u00a0\u00bb25%\u00a0\u00bb width_tablet=\u00a0\u00bb25%\u00a0\u00bb width_phone=\u00a0\u00bb25%\u00a0\u00bb width_last_edited=\u00a0\u00bbon|phone\u00a0\u00bb overflow-x=\u00a0\u00bbvisible\u00a0\u00bb overflow-y=\u00a0\u00bbvisible\u00a0\u00bb custom_margin=\u00a0\u00bb||||false|false\u00a0\u00bb locked=\u00a0\u00bboff\u00a0\u00bb global_colors_info=\u00a0\u00bb{}\u00a0\u00bb][\/et_pb_image][\/et_pb_column][\/et_pb_row][\/et_pb_section]<\/p>\n","protected":false},"excerpt":{"rendered":"<p>NewsletterAbonnez-vous \u00e0 la newsletter<\/p>\n","protected":false},"author":4,"featured_media":0,"parent":0,"menu_order":0,"comment_status":"closed","ping_status":"closed","template":"","meta":{"_et_pb_use_builder":"on","_et_pb_old_content":"","_et_gb_content_width":"","content-type":"","footnotes":""},"class_list":["post-25655","page","type-page","status-publish","hentry"],"yoast_head":"<!-- This site is optimized with the Yoast SEO Premium plugin v27.3 (Yoast SEO v27.3) - https:\/\/yoast.com\/product\/yoast-seo-premium-wordpress\/ -->\n<title>Newsletter - Cyber Guru<\/title>\n<meta name=\"description\" content=\"Ne manquez pas les nouvelles de Cyberguru, restez \u00e0 jour sur les sujets de cybers\u00e9curit\u00e9 avec notre newsletter. Abonnez-vous\" \/>\n<meta name=\"robots\" content=\"index, follow, max-snippet:-1, max-image-preview:large, max-video-preview:-1\" \/>\n<link rel=\"canonical\" href=\"https:\/\/www.cyberguru.it\/fr\/newsletter\/\" \/>\n<meta property=\"og:locale\" content=\"fr_FR\" \/>\n<meta property=\"og:type\" content=\"article\" \/>\n<meta property=\"og:title\" content=\"Newsletter\" \/>\n<meta property=\"og:description\" content=\"Ne manquez pas les nouvelles de Cyberguru, restez \u00e0 jour sur les sujets de cybers\u00e9curit\u00e9 avec notre newsletter. Abonnez-vous\" \/>\n<meta property=\"og:url\" content=\"https:\/\/www.cyberguru.it\/fr\/newsletter\/\" \/>\n<meta property=\"og:site_name\" content=\"Cyber Guru\" \/>\n<meta property=\"article:publisher\" content=\"https:\/\/www.facebook.com\/Cyber.Guru.Enterprise\" \/>\n<meta property=\"article:modified_time\" content=\"2023-04-08T15:59:11+00:00\" \/>\n<meta property=\"og:image\" content=\"https:\/\/www.cyberguru.it\/wp-content\/uploads\/2023\/12\/social.jpg\" \/>\n\t<meta property=\"og:image:width\" content=\"1512\" \/>\n\t<meta property=\"og:image:height\" content=\"981\" \/>\n\t<meta property=\"og:image:type\" content=\"image\/jpeg\" \/>\n<meta name=\"twitter:card\" content=\"summary_large_image\" \/>\n<meta name=\"twitter:label1\" content=\"Dur\u00e9e de lecture estim\u00e9e\" \/>\n\t<meta name=\"twitter:data1\" content=\"1 minute\" \/>\n<script type=\"application\/ld+json\" class=\"yoast-schema-graph\">{\"@context\":\"https:\\\/\\\/schema.org\",\"@graph\":[{\"@type\":\"WebPage\",\"@id\":\"https:\\\/\\\/www.cyberguru.it\\\/fr\\\/newsletter\\\/\",\"url\":\"https:\\\/\\\/www.cyberguru.it\\\/fr\\\/newsletter\\\/\",\"name\":\"Newsletter - Cyber Guru\",\"isPartOf\":{\"@id\":\"https:\\\/\\\/www.cyberguru.it\\\/fr\\\/#website\"},\"datePublished\":\"2023-01-17T19:05:00+00:00\",\"dateModified\":\"2023-04-08T15:59:11+00:00\",\"description\":\"Ne manquez pas les nouvelles de Cyberguru, restez \u00e0 jour sur les sujets de cybers\u00e9curit\u00e9 avec notre newsletter. Abonnez-vous\",\"breadcrumb\":{\"@id\":\"https:\\\/\\\/www.cyberguru.it\\\/fr\\\/newsletter\\\/#breadcrumb\"},\"inLanguage\":\"fr-FR\",\"potentialAction\":[{\"@type\":\"ReadAction\",\"target\":[\"https:\\\/\\\/www.cyberguru.it\\\/fr\\\/newsletter\\\/\"]}]},{\"@type\":\"BreadcrumbList\",\"@id\":\"https:\\\/\\\/www.cyberguru.it\\\/fr\\\/newsletter\\\/#breadcrumb\",\"itemListElement\":[{\"@type\":\"ListItem\",\"position\":1,\"name\":\"Home\",\"item\":\"https:\\\/\\\/www.cyberguru.it\\\/fr\\\/page-daccueil-v2-brouillon\\\/\"},{\"@type\":\"ListItem\",\"position\":2,\"name\":\"Newsletter\"}]},{\"@type\":\"WebSite\",\"@id\":\"https:\\\/\\\/www.cyberguru.it\\\/fr\\\/#website\",\"url\":\"https:\\\/\\\/www.cyberguru.it\\\/fr\\\/\",\"name\":\"Cyber Guru\",\"description\":\"Security Awareness Training That Works!\",\"potentialAction\":[{\"@type\":\"SearchAction\",\"target\":{\"@type\":\"EntryPoint\",\"urlTemplate\":\"https:\\\/\\\/www.cyberguru.it\\\/fr\\\/?s={search_term_string}\"},\"query-input\":{\"@type\":\"PropertyValueSpecification\",\"valueRequired\":true,\"valueName\":\"search_term_string\"}}],\"inLanguage\":\"fr-FR\"}]}<\/script>\n<!-- \/ Yoast SEO Premium plugin. -->","yoast_head_json":{"title":"Newsletter - Cyber Guru","description":"Ne manquez pas les nouvelles de Cyberguru, restez \u00e0 jour sur les sujets de cybers\u00e9curit\u00e9 avec notre newsletter. Abonnez-vous","robots":{"index":"index","follow":"follow","max-snippet":"max-snippet:-1","max-image-preview":"max-image-preview:large","max-video-preview":"max-video-preview:-1"},"canonical":"https:\/\/www.cyberguru.it\/fr\/newsletter\/","og_locale":"fr_FR","og_type":"article","og_title":"Newsletter","og_description":"Ne manquez pas les nouvelles de Cyberguru, restez \u00e0 jour sur les sujets de cybers\u00e9curit\u00e9 avec notre newsletter. Abonnez-vous","og_url":"https:\/\/www.cyberguru.it\/fr\/newsletter\/","og_site_name":"Cyber Guru","article_publisher":"https:\/\/www.facebook.com\/Cyber.Guru.Enterprise","article_modified_time":"2023-04-08T15:59:11+00:00","og_image":[{"width":1512,"height":981,"url":"https:\/\/www.cyberguru.it\/wp-content\/uploads\/2023\/12\/social.jpg","type":"image\/jpeg"}],"twitter_card":"summary_large_image","twitter_misc":{"Dur\u00e9e de lecture estim\u00e9e":"1 minute"},"schema":{"@context":"https:\/\/schema.org","@graph":[{"@type":"WebPage","@id":"https:\/\/www.cyberguru.it\/fr\/newsletter\/","url":"https:\/\/www.cyberguru.it\/fr\/newsletter\/","name":"Newsletter - Cyber Guru","isPartOf":{"@id":"https:\/\/www.cyberguru.it\/fr\/#website"},"datePublished":"2023-01-17T19:05:00+00:00","dateModified":"2023-04-08T15:59:11+00:00","description":"Ne manquez pas les nouvelles de Cyberguru, restez \u00e0 jour sur les sujets de cybers\u00e9curit\u00e9 avec notre newsletter. Abonnez-vous","breadcrumb":{"@id":"https:\/\/www.cyberguru.it\/fr\/newsletter\/#breadcrumb"},"inLanguage":"fr-FR","potentialAction":[{"@type":"ReadAction","target":["https:\/\/www.cyberguru.it\/fr\/newsletter\/"]}]},{"@type":"BreadcrumbList","@id":"https:\/\/www.cyberguru.it\/fr\/newsletter\/#breadcrumb","itemListElement":[{"@type":"ListItem","position":1,"name":"Home","item":"https:\/\/www.cyberguru.it\/fr\/page-daccueil-v2-brouillon\/"},{"@type":"ListItem","position":2,"name":"Newsletter"}]},{"@type":"WebSite","@id":"https:\/\/www.cyberguru.it\/fr\/#website","url":"https:\/\/www.cyberguru.it\/fr\/","name":"Cyber Guru","description":"Security Awareness Training That Works!","potentialAction":[{"@type":"SearchAction","target":{"@type":"EntryPoint","urlTemplate":"https:\/\/www.cyberguru.it\/fr\/?s={search_term_string}"},"query-input":{"@type":"PropertyValueSpecification","valueRequired":true,"valueName":"search_term_string"}}],"inLanguage":"fr-FR"}]}},"_links":{"self":[{"href":"https:\/\/www.cyberguru.it\/fr\/wp-json\/wp\/v2\/pages\/25655","targetHints":{"allow":["GET"]}}],"collection":[{"href":"https:\/\/www.cyberguru.it\/fr\/wp-json\/wp\/v2\/pages"}],"about":[{"href":"https:\/\/www.cyberguru.it\/fr\/wp-json\/wp\/v2\/types\/page"}],"author":[{"embeddable":true,"href":"https:\/\/www.cyberguru.it\/fr\/wp-json\/wp\/v2\/users\/4"}],"replies":[{"embeddable":true,"href":"https:\/\/www.cyberguru.it\/fr\/wp-json\/wp\/v2\/comments?post=25655"}],"version-history":[{"count":5,"href":"https:\/\/www.cyberguru.it\/fr\/wp-json\/wp\/v2\/pages\/25655\/revisions"}],"predecessor-version":[{"id":30030,"href":"https:\/\/www.cyberguru.it\/fr\/wp-json\/wp\/v2\/pages\/25655\/revisions\/30030"}],"wp:attachment":[{"href":"https:\/\/www.cyberguru.it\/fr\/wp-json\/wp\/v2\/media?parent=25655"}],"curies":[{"name":"wp","href":"https:\/\/api.w.org\/{rel}","templated":true}]}}