{"id":50464,"date":"2025-09-04T09:00:22","date_gmt":"2025-09-04T09:00:22","guid":{"rendered":"https:\/\/www.cyberguru.it\/solicita-una-demo\/"},"modified":"2026-04-21T10:52:18","modified_gmt":"2026-04-21T10:52:18","slug":"solicita-una-demo","status":"publish","type":"page","link":"https:\/\/www.cyberguru.it\/es\/solicita-una-demo\/","title":{"rendered":"Solicita una demo"},"content":{"rendered":"<p>[et_pb_section fb_built=\u00bb1&#8243; module_id=\u00bbhhh\u00bb _builder_version=\u00bb4.27.6&#8243; _module_preset=\u00bbdefault\u00bb background_enable_color=\u00bboff\u00bb use_background_color_gradient=\u00bbon\u00bb background_color_gradient_direction=\u00bb85deg\u00bb background_color_gradient_stops=\u00bb#010512 0%|#071036 75%\u00bb background_enable_image=\u00bboff\u00bb min_height=\u00bb100vh\u00bb custom_margin=\u00bb||||false|false\u00bb custom_padding=\u00bb16%||||false|false\u00bb hover_enabled=\u00bb0&#8243; custom_css_main_element=\u00bbmin-height:100vh;\u00bb global_colors_info=\u00bb{}\u00bb sticky_enabled=\u00bb0&#8243;][et_pb_row column_structure=\u00bb1_2,1_2&#8243; _builder_version=\u00bb4.27.4&#8243; _module_preset=\u00bbdefault\u00bb max_width=\u00bb1440px\u00bb custom_margin=\u00bb||||false|false\u00bb custom_margin_tablet=\u00bb150px||||false|false\u00bb custom_margin_phone=\u00bb50px||||false|false\u00bb custom_margin_last_edited=\u00bbon|phone\u00bb custom_css_main_element=\u00bbmargin: 0 auto;\u00bb global_colors_info=\u00bb{}\u00bb][et_pb_column type=\u00bb1_2&#8243; _builder_version=\u00bb4.18.0&#8243; _module_preset=\u00bbdefault\u00bb global_colors_info=\u00bb{}\u00bb][et_pb_image src=\u00bbhttps:\/\/www.cyberguru.it\/wp-content\/uploads\/2022\/09\/Cyber-guru.webp\u00bb alt=\u00bbCyber-guru\u00bb title_text=\u00bbCyber-guru\u00bb _builder_version=\u00bb4.27.4&#8243; _module_preset=\u00bbdefault\u00bb height=\u00bb56px\u00bb custom_margin=\u00bb||0px||false|false\u00bb global_colors_info=\u00bb{}\u00bb][\/et_pb_image][et_pb_text _builder_version=\u00bb4.27.4&#8243; _module_preset=\u00bbdefault\u00bb header_font=\u00bbInter|700|||||||\u00bb header_text_align=\u00bbleft\u00bb header_text_color=\u00bb#FFFFFF\u00bb header_font_size=\u00bb50px\u00bb header_line_height=\u00bb77.45px\u00bb custom_margin=\u00bb||0px||false|false\u00bb custom_padding=\u00bb10px||||false|false\u00bb header_font_size_tablet=\u00bb64px\u00bb header_font_size_phone=\u00bb32px\u00bb header_font_size_last_edited=\u00bbon|phone\u00bb header_line_height_tablet=\u00bb77.45px\u00bb header_line_height_phone=\u00bb35px\u00bb header_line_height_last_edited=\u00bbon|phone\u00bb global_colors_info=\u00bb{}\u00bb]<\/p>\n<h1>Solicita una demo<\/h1>\n<p>[\/et_pb_text][et_pb_text _builder_version=\u00bb4.27.4&#8243; _module_preset=\u00bbdefault\u00bb text_font=\u00bbInter||||||||\u00bb text_text_color=\u00bb#FFFFFF\u00bb text_font_size=\u00bb16px\u00bb width_tablet=\u00bb70%\u00bb width_phone=\u00bb90%\u00bb width_last_edited=\u00bbon|phone\u00bb module_alignment=\u00bbcenter\u00bb custom_margin=\u00bb||0px||false|false\u00bb custom_padding=\u00bb||||false|false\u00bb global_colors_info=\u00bb{}\u00bb]<\/p>\n<p>Descubre la eficacia de nuestra plataforma en la prevenci\u00f3n de amenazas cibern\u00e9ticas y c\u00f3mo sus itinerarios formativos contribuyen a mitigar el riesgo humano. <strong> <\/strong><\/p>\n<p><strong>Reserva ya una demo: uno de nuestros expertos te contactar\u00e1 en breve.<\/strong><\/p>\n<p>[\/et_pb_text][et_pb_text _builder_version=\u00bb4.27.4&#8243; _module_preset=\u00bbdefault\u00bb text_font=\u00bbInter||||||||\u00bb text_text_color=\u00bb#FFFFFF\u00bb text_font_size=\u00bb20px\u00bb width_tablet=\u00bb70%\u00bb width_phone=\u00bb90%\u00bb width_last_edited=\u00bbon|phone\u00bb module_alignment=\u00bbcenter\u00bb min_height=\u00bb23.8px\u00bb custom_margin=\u00bb20px||20px||true|false\u00bb global_colors_info=\u00bb{}\u00bb]<\/p>\n<p class=\"paragraph bold-text\"><strong>En la Demo de 30 minutos descubrir\u00e1s:<\/strong><\/p>\n<p>[\/et_pb_text][et_pb_text _builder_version=\u00bb4.27.4&#8243; _module_preset=\u00bbdefault\u00bb text_font=\u00bbInter||||||||\u00bb text_text_color=\u00bb#FFFFFF\u00bb text_font_size=\u00bb16px\u00bb text_line_height=\u00bb1.1em\u00bb width_tablet=\u00bb70%\u00bb width_phone=\u00bb90%\u00bb width_last_edited=\u00bbon|phone\u00bb module_alignment=\u00bbcenter\u00bb custom_margin=\u00bb||40px||false|false\u00bb global_colors_info=\u00bb{}\u00bb]<\/p>\n<p><img loading=\"lazy\" decoding=\"async\" src=\"https:\/\/www.cyberguru.it\/wp-content\/uploads\/2025\/07\/yes-300x220.png\" width=\"19\" height=\"14\" alt=\"\" class=\"wp-image-48831 alignnone size-medium\">  Una plataforma completa que cubre todas las necesidades de Security Awareness<\/p>\n<p><img loading=\"lazy\" decoding=\"async\" src=\"https:\/\/www.cyberguru.it\/wp-content\/uploads\/2025\/07\/yes-300x220.png\" width=\"19\" height=\"14\" alt=\"\" class=\"wp-image-48831 alignnone size-medium\">  Resultados concretos gracias a metodolog\u00eda, gamificaci\u00f3n y microaprendizaje<\/p>\n<p><img loading=\"lazy\" decoding=\"async\" src=\"https:\/\/www.cyberguru.it\/wp-content\/uploads\/2025\/07\/yes-300x220.png\" width=\"19\" height=\"14\" alt=\"\" class=\"wp-image-48831 alignnone size-medium\">  Itinerarios adaptativos para cada rol, con soporte operativo siempre disponible<\/p>\n<p><img loading=\"lazy\" decoding=\"async\" src=\"https:\/\/www.cyberguru.it\/wp-content\/uploads\/2025\/07\/yes-300x220.png\" width=\"19\" height=\"14\" alt=\"\" class=\"wp-image-48831 alignnone size-medium\">  Implementaci\u00f3n sencilla, control total y conformidad garantizada<\/p>\n<p>[\/et_pb_text][et_pb_text _builder_version=\u00bb4.27.4&#8243; _module_preset=\u00bbdefault\u00bb text_font=\u00bbInter||||||||\u00bb text_text_color=\u00bb#FFFFFF\u00bb text_font_size=\u00bb16px\u00bb text_line_height=\u00bb1.5em\u00bb background_enable_color=\u00bboff\u00bb use_background_color_gradient=\u00bbon\u00bb background_color_gradient_direction=\u00bb105deg\u00bb background_color_gradient_stops=\u00bb#010512 0%|#071036 100%\u00bb width_tablet=\u00bb70%\u00bb width_phone=\u00bb90%\u00bb width_last_edited=\u00bbon|phone\u00bb module_alignment=\u00bbcenter\u00bb custom_margin=\u00bb||20px||false|false\u00bb custom_padding=\u00bb30px|30px|30px|30px|true|true\u00bb border_radii=\u00bbon|10px|10px|10px|10px\u00bb border_width_all=\u00bb1px\u00bb border_color_all=\u00bbgcid-ea7ac644-2741-4063-86d6-d9905bae6680&#8243; box_shadow_style=\u00bbpreset1&#8243; box_shadow_color=\u00bbgcid-ea7ac644-2741-4063-86d6-d9905bae6680&#8243; global_colors_info=\u00bb{%22gcid-ea7ac644-2741-4063-86d6-d9905bae6680%22:%91%22border_color_all%22,%22box_shadow_color%22%93}\u00bb]<\/p>\n<p>\u00abHemos evaluado diversas soluciones, incluidas las propuestas por proveedores internacionales emergentes, pero al final hemos elegido Cyber Guru por la alta calidad de los contenidos y la capacidad de hacerlos realmente atractivos&#8230;\u00bb<\/p>\n<p><strong>Ugo Vignolo Lutati<\/strong>, <strong>Chief Information Security Officer (CISO) del Grupo Prada<\/strong>.<\/p>\n<p><img loading=\"lazy\" decoding=\"async\" src=\"https:\/\/www.cyberguru.it\/wp-content\/uploads\/2025\/01\/Prada_Group_white-300x52.png\" width=\"184\" height=\"32\" alt=\"Prada_Group_white\" class=\"wp-image-42211 size-medium\"><\/p>\n<p>[\/et_pb_text][et_pb_code admin_label=\u00bbC\u00f3digo\u00bb module_id=\u00bbWidgetContainerFooter\u00bb _builder_version=\u00bb4.27.4&#8243; _module_preset=\u00bbdefault\u00bb text_orientation=\u00bbright\u00bb custom_margin=\u00bb||10px|30px|false|false\u00bb custom_css_main_element=\u00bbfloat: unset !important;\u00bb locked=\u00bboff\u00bb global_colors_info=\u00bb{}\u00bb]<script type=\"text\/javascript\"> <!-- [et_pb_line_break_holder] -->  GartnerPI_Widget({ <!-- [et_pb_line_break_holder] -->   size: \"line\", <!-- [et_pb_line_break_holder] -->   theme: \"dark\", <!-- [et_pb_line_break_holder] -->   sourcingLink: \"https:\/\/gtnr.io\/8BMt7aXwd\", <!-- [et_pb_line_break_holder] -->   widget_id: \"N2I0ZmFkYTAtZGI2Yy00Y2QxLThhNGMtMzYwNzkzNGVkNmQ5\", <!-- [et_pb_line_break_holder] -->   version: \"2\", <!-- [et_pb_line_break_holder] -->\/\/ container: document.getElementById('widget-container2')<!-- [et_pb_line_break_holder] -->   container: document.getElementById('WidgetContainerFooter')<!-- [et_pb_line_break_holder] --> }) <!-- [et_pb_line_break_holder] --><\/script>[\/et_pb_code][\/et_pb_column][et_pb_column type=\u00bb1_2&#8243; _builder_version=\u00bb4.18.0&#8243; _module_preset=\u00bbdefault\u00bb global_colors_info=\u00bb{}\u00bb][et_pb_code _builder_version=\u00bb4.19.4&#8243; _module_preset=\u00bbdefault\u00bb background_color=\u00bb#FFFFFF\u00bb custom_padding=\u00bb30px|30px|30px|30px|true|true\u00bb border_radii=\u00bbon|20px|20px|20px|20px\u00bb locked=\u00bboff\u00bb global_colors_info=\u00bb{}\u00bb]<script charset=\"utf-8\" type=\"text\/javascript\" src=\"\/\/js-eu1.hsforms.net\/forms\/embed\/v2.js\"><\/script><!-- [et_pb_line_break_holder] --><script><!-- [et_pb_line_break_holder] -->  hbspt.forms.create({<!-- [et_pb_line_break_holder] -->    region: \"eu1\",<!-- [et_pb_line_break_holder] -->    portalId: \"25364581\",<!-- [et_pb_line_break_holder] -->    formId: \"0d82f3d3-a877-46f9-8e88-a15f7b73c8c1\"<!-- [et_pb_line_break_holder] -->  });<!-- [et_pb_line_break_holder] --><\/script>[\/et_pb_code][\/et_pb_column][\/et_pb_row][\/et_pb_section]<\/p>\n","protected":false},"excerpt":{"rendered":"<p>Solicita una demoDescubre la eficacia de nuestra plataforma en la prevenci\u00f3n de amenazas cibern\u00e9ticas y c\u00f3mo sus itinerarios formativos contribuyen a mitigar el riesgo humano. Reserva ya una demo: uno de nuestros expertos te contactar\u00e1 en breve.En la Demo de 30 minutos descubrir\u00e1s: Una plataforma completa que cubre todas las necesidades de Security Awareness Resultados [&hellip;]<\/p>\n","protected":false},"author":4,"featured_media":0,"parent":0,"menu_order":0,"comment_status":"closed","ping_status":"closed","template":"","meta":{"_et_pb_use_builder":"on","_et_pb_old_content":"","_et_gb_content_width":"","content-type":"","footnotes":""},"class_list":["post-50464","page","type-page","status-publish","hentry"],"yoast_head":"<!-- This site is optimized with the Yoast SEO Premium plugin v27.4 (Yoast SEO v27.4) - https:\/\/yoast.com\/product\/yoast-seo-premium-wordpress\/ -->\n<title>Solicita la Demo de la plataforma para la Security Awareness - Cyber Guru<\/title>\n<meta name=\"description\" content=\"Descubre nuestra plataforma y reserva una demo para descubrir c\u00f3mo prevenir las amenazas cibern\u00e9ticas con resultados concretos.\" \/>\n<meta name=\"robots\" content=\"index, follow, max-snippet:-1, max-image-preview:large, max-video-preview:-1\" \/>\n<link rel=\"canonical\" href=\"https:\/\/www.cyberguru.it\/es\/solicita-una-demo\/\" \/>\n<meta property=\"og:locale\" content=\"es_ES\" \/>\n<meta property=\"og:type\" content=\"article\" \/>\n<meta property=\"og:title\" content=\"Solicita una demo\" \/>\n<meta property=\"og:description\" content=\"Descubre nuestra plataforma y reserva una demo para descubrir c\u00f3mo prevenir las amenazas cibern\u00e9ticas con resultados concretos.\" \/>\n<meta property=\"og:url\" content=\"https:\/\/www.cyberguru.it\/es\/solicita-una-demo\/\" \/>\n<meta property=\"og:site_name\" content=\"Cyber Guru\" \/>\n<meta property=\"article:publisher\" content=\"https:\/\/www.facebook.com\/Cyber.Guru.Enterprise\" \/>\n<meta property=\"article:modified_time\" content=\"2026-04-21T10:52:18+00:00\" \/>\n<meta property=\"og:image\" content=\"http:\/\/www.cyberguru.it\/wp-content\/uploads\/2025\/09\/Mix_Awareness_IT-1024x723.webp\" \/>\n<meta name=\"twitter:card\" content=\"summary_large_image\" \/>\n<meta name=\"twitter:label1\" content=\"Tiempo de lectura\" \/>\n\t<meta name=\"twitter:data1\" content=\"4 minutos\" \/>\n<script type=\"application\/ld+json\" class=\"yoast-schema-graph\">{\"@context\":\"https:\\\/\\\/schema.org\",\"@graph\":[{\"@type\":\"WebPage\",\"@id\":\"https:\\\/\\\/www.cyberguru.it\\\/es\\\/solicita-una-demo\\\/\",\"url\":\"https:\\\/\\\/www.cyberguru.it\\\/es\\\/solicita-una-demo\\\/\",\"name\":\"Solicita la Demo de la plataforma para la Security Awareness - Cyber Guru\",\"isPartOf\":{\"@id\":\"https:\\\/\\\/www.cyberguru.it\\\/es\\\/#website\"},\"primaryImageOfPage\":{\"@id\":\"https:\\\/\\\/www.cyberguru.it\\\/es\\\/solicita-una-demo\\\/#primaryimage\"},\"image\":{\"@id\":\"https:\\\/\\\/www.cyberguru.it\\\/es\\\/solicita-una-demo\\\/#primaryimage\"},\"thumbnailUrl\":\"https:\\\/\\\/www.cyberguru.it\\\/wp-content\\\/uploads\\\/2025\\\/07\\\/yes-300x220.png\",\"datePublished\":\"2025-09-04T09:00:22+00:00\",\"dateModified\":\"2026-04-21T10:52:18+00:00\",\"description\":\"Descubre nuestra plataforma y reserva una demo para descubrir c\u00f3mo prevenir las amenazas cibern\u00e9ticas con resultados concretos.\",\"breadcrumb\":{\"@id\":\"https:\\\/\\\/www.cyberguru.it\\\/es\\\/solicita-una-demo\\\/#breadcrumb\"},\"inLanguage\":\"es\",\"potentialAction\":[{\"@type\":\"ReadAction\",\"target\":[\"https:\\\/\\\/www.cyberguru.it\\\/es\\\/solicita-una-demo\\\/\"]}]},{\"@type\":\"ImageObject\",\"inLanguage\":\"es\",\"@id\":\"https:\\\/\\\/www.cyberguru.it\\\/es\\\/solicita-una-demo\\\/#primaryimage\",\"url\":\"https:\\\/\\\/www.cyberguru.it\\\/wp-content\\\/uploads\\\/2025\\\/07\\\/yes-300x220.png\",\"contentUrl\":\"https:\\\/\\\/www.cyberguru.it\\\/wp-content\\\/uploads\\\/2025\\\/07\\\/yes-300x220.png\"},{\"@type\":\"BreadcrumbList\",\"@id\":\"https:\\\/\\\/www.cyberguru.it\\\/es\\\/solicita-una-demo\\\/#breadcrumb\",\"itemListElement\":[{\"@type\":\"ListItem\",\"position\":1,\"name\":\"Home\",\"item\":\"https:\\\/\\\/www.cyberguru.it\\\/es\\\/pagina-de-inicio-v2-borrador\\\/\"},{\"@type\":\"ListItem\",\"position\":2,\"name\":\"Solicita una demo\"}]},{\"@type\":\"WebSite\",\"@id\":\"https:\\\/\\\/www.cyberguru.it\\\/es\\\/#website\",\"url\":\"https:\\\/\\\/www.cyberguru.it\\\/es\\\/\",\"name\":\"Cyber Guru\",\"description\":\"Security Awareness Training That Works!\",\"potentialAction\":[{\"@type\":\"SearchAction\",\"target\":{\"@type\":\"EntryPoint\",\"urlTemplate\":\"https:\\\/\\\/www.cyberguru.it\\\/es\\\/?s={search_term_string}\"},\"query-input\":{\"@type\":\"PropertyValueSpecification\",\"valueRequired\":true,\"valueName\":\"search_term_string\"}}],\"inLanguage\":\"es\"}]}<\/script>\n<!-- \/ Yoast SEO Premium plugin. -->","yoast_head_json":{"title":"Solicita la Demo de la plataforma para la Security Awareness - Cyber Guru","description":"Descubre nuestra plataforma y reserva una demo para descubrir c\u00f3mo prevenir las amenazas cibern\u00e9ticas con resultados concretos.","robots":{"index":"index","follow":"follow","max-snippet":"max-snippet:-1","max-image-preview":"max-image-preview:large","max-video-preview":"max-video-preview:-1"},"canonical":"https:\/\/www.cyberguru.it\/es\/solicita-una-demo\/","og_locale":"es_ES","og_type":"article","og_title":"Solicita una demo","og_description":"Descubre nuestra plataforma y reserva una demo para descubrir c\u00f3mo prevenir las amenazas cibern\u00e9ticas con resultados concretos.","og_url":"https:\/\/www.cyberguru.it\/es\/solicita-una-demo\/","og_site_name":"Cyber Guru","article_publisher":"https:\/\/www.facebook.com\/Cyber.Guru.Enterprise","article_modified_time":"2026-04-21T10:52:18+00:00","og_image":[{"url":"http:\/\/www.cyberguru.it\/wp-content\/uploads\/2025\/09\/Mix_Awareness_IT-1024x723.webp","type":"","width":"","height":""}],"twitter_card":"summary_large_image","twitter_misc":{"Tiempo de lectura":"4 minutos"},"schema":{"@context":"https:\/\/schema.org","@graph":[{"@type":"WebPage","@id":"https:\/\/www.cyberguru.it\/es\/solicita-una-demo\/","url":"https:\/\/www.cyberguru.it\/es\/solicita-una-demo\/","name":"Solicita la Demo de la plataforma para la Security Awareness - Cyber Guru","isPartOf":{"@id":"https:\/\/www.cyberguru.it\/es\/#website"},"primaryImageOfPage":{"@id":"https:\/\/www.cyberguru.it\/es\/solicita-una-demo\/#primaryimage"},"image":{"@id":"https:\/\/www.cyberguru.it\/es\/solicita-una-demo\/#primaryimage"},"thumbnailUrl":"https:\/\/www.cyberguru.it\/wp-content\/uploads\/2025\/07\/yes-300x220.png","datePublished":"2025-09-04T09:00:22+00:00","dateModified":"2026-04-21T10:52:18+00:00","description":"Descubre nuestra plataforma y reserva una demo para descubrir c\u00f3mo prevenir las amenazas cibern\u00e9ticas con resultados concretos.","breadcrumb":{"@id":"https:\/\/www.cyberguru.it\/es\/solicita-una-demo\/#breadcrumb"},"inLanguage":"es","potentialAction":[{"@type":"ReadAction","target":["https:\/\/www.cyberguru.it\/es\/solicita-una-demo\/"]}]},{"@type":"ImageObject","inLanguage":"es","@id":"https:\/\/www.cyberguru.it\/es\/solicita-una-demo\/#primaryimage","url":"https:\/\/www.cyberguru.it\/wp-content\/uploads\/2025\/07\/yes-300x220.png","contentUrl":"https:\/\/www.cyberguru.it\/wp-content\/uploads\/2025\/07\/yes-300x220.png"},{"@type":"BreadcrumbList","@id":"https:\/\/www.cyberguru.it\/es\/solicita-una-demo\/#breadcrumb","itemListElement":[{"@type":"ListItem","position":1,"name":"Home","item":"https:\/\/www.cyberguru.it\/es\/pagina-de-inicio-v2-borrador\/"},{"@type":"ListItem","position":2,"name":"Solicita una demo"}]},{"@type":"WebSite","@id":"https:\/\/www.cyberguru.it\/es\/#website","url":"https:\/\/www.cyberguru.it\/es\/","name":"Cyber Guru","description":"Security Awareness Training That Works!","potentialAction":[{"@type":"SearchAction","target":{"@type":"EntryPoint","urlTemplate":"https:\/\/www.cyberguru.it\/es\/?s={search_term_string}"},"query-input":{"@type":"PropertyValueSpecification","valueRequired":true,"valueName":"search_term_string"}}],"inLanguage":"es"}]}},"_links":{"self":[{"href":"https:\/\/www.cyberguru.it\/es\/wp-json\/wp\/v2\/pages\/50464","targetHints":{"allow":["GET"]}}],"collection":[{"href":"https:\/\/www.cyberguru.it\/es\/wp-json\/wp\/v2\/pages"}],"about":[{"href":"https:\/\/www.cyberguru.it\/es\/wp-json\/wp\/v2\/types\/page"}],"author":[{"embeddable":true,"href":"https:\/\/www.cyberguru.it\/es\/wp-json\/wp\/v2\/users\/4"}],"replies":[{"embeddable":true,"href":"https:\/\/www.cyberguru.it\/es\/wp-json\/wp\/v2\/comments?post=50464"}],"version-history":[{"count":10,"href":"https:\/\/www.cyberguru.it\/es\/wp-json\/wp\/v2\/pages\/50464\/revisions"}],"predecessor-version":[{"id":57286,"href":"https:\/\/www.cyberguru.it\/es\/wp-json\/wp\/v2\/pages\/50464\/revisions\/57286"}],"wp:attachment":[{"href":"https:\/\/www.cyberguru.it\/es\/wp-json\/wp\/v2\/media?parent=50464"}],"curies":[{"name":"wp","href":"https:\/\/api.w.org\/{rel}","templated":true}]}}