{"id":40863,"date":"2024-10-24T14:43:48","date_gmt":"2024-10-24T14:43:48","guid":{"rendered":"https:\/\/www.cyberguru.it\/?page_id=40863"},"modified":"2026-04-08T14:55:49","modified_gmt":"2026-04-08T14:55:49","slug":"como-comprar","status":"publish","type":"page","link":"https:\/\/www.cyberguru.it\/es\/como-comprar\/","title":{"rendered":"C\u00f3mo comprar"},"content":{"rendered":"<p>[et_pb_section fb_built=\u00bb1&#8243; _builder_version=\u00bb4.19.4&#8243; _module_preset=\u00bbdefault\u00bb background_image=\u00bbhttps:\/\/www.cyberguru.it\/wp-content\/uploads\/2022\/10\/Hero-1.webp\u00bb locked=\u00bboff\u00bb global_colors_info=\u00bb{}\u00bb][et_pb_row custom_padding_last_edited=\u00bbon|phone\u00bb _builder_version=\u00bb4.19.4&#8243; _module_preset=\u00bbdefault\u00bb width=\u00bb100%\u00bb max_width=\u00bb2560px\u00bb custom_margin=\u00bb150px||||false|false\u00bb custom_padding=\u00bb|||10%|false|false\u00bb custom_padding_tablet=\u00bb|||10%|false|false\u00bb custom_padding_phone=\u00bb|5%||5%|false|true\u00bb global_colors_info=\u00bb{}\u00bb][et_pb_column type=\u00bb4_4&#8243; _builder_version=\u00bb4.18.0&#8243; _module_preset=\u00bbdefault\u00bb global_colors_info=\u00bb{}\u00bb][et_pb_text _builder_version=\u00bb4.27.2&#8243; _module_preset=\u00bbdefault\u00bb header_font=\u00bbInter|700|||||||\u00bb header_text_color=\u00bb#FFFFFF\u00bb header_font_size=\u00bb60px\u00bb custom_margin=\u00bb||||false|false\u00bb custom_padding=\u00bb||||false|false\u00bb header_font_size_tablet=\u00bb60px\u00bb header_font_size_phone=\u00bb42px\u00bb header_font_size_last_edited=\u00bbon|phone\u00bb global_colors_info=\u00bb{}\u00bb]<\/p>\n<h1>C\u00f3mo comprar<\/h1>\n<p>[\/et_pb_text][et_pb_button button_url=\u00bb@ET-DC@eyJkeW5hbWljIjp0cnVlLCJjb250ZW50IjoicG9zdF9saW5rX3VybF9wYWdlIiwic2V0dGluZ3MiOnsicG9zdF9pZCI6IjExMTgifX0=@\u00bb button_text=\u00bbSOLICITA UNA DEMO\u00bb button_alignment=\u00bbleft\u00bb disabled_on=\u00bboff|off|off\u00bb _builder_version=\u00bb4.27.3&#8243; _dynamic_attributes=\u00bbbutton_url\u00bb _module_preset=\u00bbdefault\u00bb custom_button=\u00bbon\u00bb button_text_size=\u00bb14px\u00bb button_text_color=\u00bb#FFFFFF\u00bb button_bg_color=\u00bb#f18a00&#8243; button_border_width=\u00bb0px\u00bb button_border_radius=\u00bb3px\u00bb button_font=\u00bbRubik||||||||\u00bb button_use_icon=\u00bboff\u00bb custom_margin=\u00bb10px||10px||true|false\u00bb custom_padding=\u00bb8px||8px||true|true\u00bb custom_css_main_element=\u00bbwidth:200px;||min-width:200px;||max-width:200px;||text-align:center;\u00bb saved_tabs=\u00bball\u00bb locked=\u00bboff\u00bb global_colors_info=\u00bb{%22gcid-ea7ac644-2741-4063-86d6-d9905bae6680%22:%91%22button_bg_color%22%93}\u00bb][\/et_pb_button][\/et_pb_column][\/et_pb_row][\/et_pb_section][et_pb_section fb_built=\u00bb1&#8243; _builder_version=\u00bb4.18.0&#8243; _module_preset=\u00bbdefault\u00bb background_enable_color=\u00bboff\u00bb background_image=\u00bbhttps:\/\/www.cyberguru.it\/wp-content\/uploads\/2022\/10\/Rete_Neuronale-2ng.webp\u00bb background_position=\u00bbbottom_center\u00bb custom_padding=\u00bb50px||50px||true|false\u00bb locked=\u00bboff\u00bb global_colors_info=\u00bb{}\u00bb][et_pb_row custom_padding_last_edited=\u00bboff|desktop\u00bb admin_label=\u00bbL\u00ednea\u00bb _builder_version=\u00bb4.27.2&#8243; _module_preset=\u00bbdefault\u00bb background_enable_color=\u00bboff\u00bb max_width=\u00bb1440px\u00bb custom_margin=\u00bb||0px||false|false\u00bb custom_padding=\u00bb||0px||false|true\u00bb custom_padding_tablet=\u00bb|100px||100px|false|true\u00bb custom_padding_phone=\u00bb70px|5px|0px|5px|false|true\u00bb border_radii=\u00bboff|10px|10px||\u00bb locked=\u00bboff\u00bb global_colors_info=\u00bb{}\u00bb][et_pb_column type=\u00bb4_4&#8243; _builder_version=\u00bb4.18.0&#8243; _module_preset=\u00bbdefault\u00bb global_colors_info=\u00bb{}\u00bb][et_pb_text _builder_version=\u00bb4.27.2&#8243; _module_preset=\u00bbdefault\u00bb text_font=\u00bbInter||||||||\u00bb text_font_size=\u00bb16px\u00bb text_orientation=\u00bbcenter\u00bb custom_padding=\u00bb||30px||false|false\u00bb global_colors_info=\u00bb{}\u00bb]<\/p>\n<p>Espera a que se cargue el mapa para empezar a buscar a tu compa\u00f1ero m\u00e1s cercano<\/p>\n<p>[\/et_pb_text][et_pb_code _builder_version=\u00bb4.27.6&#8243; _module_preset=\u00bbdefault\u00bb hover_enabled=\u00bb0&#8243; global_colors_info=\u00bb{}\u00bb sticky_enabled=\u00bb0&#8243;]<script type='text\/javascript' <!-- [et_pb_line_break_holder] -->        src='https:\/\/widgets.eu.ziftsolutions.com\/cyberguru.ziftsolutions.com\/js\/8aa3e5fe92ab91090192b9d9a2c52cbf' <!-- [et_pb_line_break_holder] -->        \/\/src='https:\/\/widgets.eu.ziftsolutions.com\/cyberguru.ziftsolutions.com\/js\/8aa3c51d8d75f8d7018d8989d9fb0172'<!-- [et_pb_line_break_holder] -->        charset='utf-8'><!-- [et_pb_line_break_holder] --><\/script>[\/et_pb_code][\/et_pb_column][\/et_pb_row][\/et_pb_section]<\/p>\n","protected":false},"excerpt":{"rendered":"<p>C\u00f3mo comprarEspera a que se cargue el mapa para empezar a buscar a tu compa\u00f1ero m\u00e1s cercano<\/p>\n","protected":false},"author":4,"featured_media":0,"parent":0,"menu_order":0,"comment_status":"closed","ping_status":"closed","template":"","meta":{"_et_pb_use_builder":"on","_et_pb_old_content":"","_et_gb_content_width":"","content-type":"","footnotes":""},"class_list":["post-40863","page","type-page","status-publish","hentry"],"yoast_head":"<!-- This site is optimized with the Yoast SEO Premium plugin v27.4 (Yoast SEO v27.4) - https:\/\/yoast.com\/product\/yoast-seo-premium-wordpress\/ -->\n<title>C\u00f3mo comprar - Cyber Guru soluciones para la Concientizaci\u00f3n sobre Seguridad Cibern\u00e9tica<\/title>\n<meta name=\"description\" content=\"Encuentra un socio cerca de ti para empezar a utilizar nuestra plataforma Cyber Guru\" \/>\n<meta name=\"robots\" content=\"index, follow, max-snippet:-1, max-image-preview:large, max-video-preview:-1\" \/>\n<link rel=\"canonical\" href=\"https:\/\/www.cyberguru.it\/es\/como-comprar\/\" \/>\n<meta property=\"og:locale\" content=\"es_ES\" \/>\n<meta property=\"og:type\" content=\"article\" \/>\n<meta property=\"og:title\" content=\"C\u00f3mo comprar\" \/>\n<meta property=\"og:description\" content=\"Encuentra un socio cerca de ti para empezar a utilizar nuestra plataforma Cyber Guru\" \/>\n<meta property=\"og:url\" content=\"https:\/\/www.cyberguru.it\/es\/como-comprar\/\" \/>\n<meta property=\"og:site_name\" content=\"Cyber Guru\" \/>\n<meta property=\"article:publisher\" content=\"https:\/\/www.facebook.com\/Cyber.Guru.Enterprise\" \/>\n<meta property=\"article:modified_time\" content=\"2026-04-08T14:55:49+00:00\" \/>\n<meta property=\"og:image\" content=\"https:\/\/www.cyberguru.it\/wp-content\/uploads\/2023\/12\/social.jpg\" \/>\n\t<meta property=\"og:image:width\" content=\"1512\" \/>\n\t<meta property=\"og:image:height\" content=\"981\" \/>\n\t<meta property=\"og:image:type\" content=\"image\/jpeg\" \/>\n<meta name=\"twitter:card\" content=\"summary_large_image\" \/>\n<meta name=\"twitter:label1\" content=\"Tiempo de lectura\" \/>\n\t<meta name=\"twitter:data1\" content=\"3 minutos\" \/>\n<script type=\"application\/ld+json\" class=\"yoast-schema-graph\">{\"@context\":\"https:\\\/\\\/schema.org\",\"@graph\":[{\"@type\":\"WebPage\",\"@id\":\"https:\\\/\\\/www.cyberguru.it\\\/es\\\/como-comprar\\\/\",\"url\":\"https:\\\/\\\/www.cyberguru.it\\\/es\\\/como-comprar\\\/\",\"name\":\"C\u00f3mo comprar - Cyber Guru soluciones para la Concientizaci\u00f3n sobre Seguridad Cibern\u00e9tica\",\"isPartOf\":{\"@id\":\"https:\\\/\\\/www.cyberguru.it\\\/es\\\/#website\"},\"datePublished\":\"2024-10-24T14:43:48+00:00\",\"dateModified\":\"2026-04-08T14:55:49+00:00\",\"description\":\"Encuentra un socio cerca de ti para empezar a utilizar nuestra plataforma Cyber Guru\",\"breadcrumb\":{\"@id\":\"https:\\\/\\\/www.cyberguru.it\\\/es\\\/como-comprar\\\/#breadcrumb\"},\"inLanguage\":\"es\",\"potentialAction\":[{\"@type\":\"ReadAction\",\"target\":[\"https:\\\/\\\/www.cyberguru.it\\\/es\\\/como-comprar\\\/\"]}]},{\"@type\":\"BreadcrumbList\",\"@id\":\"https:\\\/\\\/www.cyberguru.it\\\/es\\\/como-comprar\\\/#breadcrumb\",\"itemListElement\":[{\"@type\":\"ListItem\",\"position\":1,\"name\":\"Home\",\"item\":\"https:\\\/\\\/www.cyberguru.it\\\/es\\\/pagina-de-inicio-v2-borrador\\\/\"},{\"@type\":\"ListItem\",\"position\":2,\"name\":\"C\u00f3mo comprar\"}]},{\"@type\":\"WebSite\",\"@id\":\"https:\\\/\\\/www.cyberguru.it\\\/es\\\/#website\",\"url\":\"https:\\\/\\\/www.cyberguru.it\\\/es\\\/\",\"name\":\"Cyber Guru\",\"description\":\"Security Awareness Training That Works!\",\"potentialAction\":[{\"@type\":\"SearchAction\",\"target\":{\"@type\":\"EntryPoint\",\"urlTemplate\":\"https:\\\/\\\/www.cyberguru.it\\\/es\\\/?s={search_term_string}\"},\"query-input\":{\"@type\":\"PropertyValueSpecification\",\"valueRequired\":true,\"valueName\":\"search_term_string\"}}],\"inLanguage\":\"es\"}]}<\/script>\n<!-- \/ Yoast SEO Premium plugin. -->","yoast_head_json":{"title":"C\u00f3mo comprar - Cyber Guru soluciones para la Concientizaci\u00f3n sobre Seguridad Cibern\u00e9tica","description":"Encuentra un socio cerca de ti para empezar a utilizar nuestra plataforma Cyber Guru","robots":{"index":"index","follow":"follow","max-snippet":"max-snippet:-1","max-image-preview":"max-image-preview:large","max-video-preview":"max-video-preview:-1"},"canonical":"https:\/\/www.cyberguru.it\/es\/como-comprar\/","og_locale":"es_ES","og_type":"article","og_title":"C\u00f3mo comprar","og_description":"Encuentra un socio cerca de ti para empezar a utilizar nuestra plataforma Cyber Guru","og_url":"https:\/\/www.cyberguru.it\/es\/como-comprar\/","og_site_name":"Cyber Guru","article_publisher":"https:\/\/www.facebook.com\/Cyber.Guru.Enterprise","article_modified_time":"2026-04-08T14:55:49+00:00","og_image":[{"width":1512,"height":981,"url":"https:\/\/www.cyberguru.it\/wp-content\/uploads\/2023\/12\/social.jpg","type":"image\/jpeg"}],"twitter_card":"summary_large_image","twitter_misc":{"Tiempo de lectura":"3 minutos"},"schema":{"@context":"https:\/\/schema.org","@graph":[{"@type":"WebPage","@id":"https:\/\/www.cyberguru.it\/es\/como-comprar\/","url":"https:\/\/www.cyberguru.it\/es\/como-comprar\/","name":"C\u00f3mo comprar - Cyber Guru soluciones para la Concientizaci\u00f3n sobre Seguridad Cibern\u00e9tica","isPartOf":{"@id":"https:\/\/www.cyberguru.it\/es\/#website"},"datePublished":"2024-10-24T14:43:48+00:00","dateModified":"2026-04-08T14:55:49+00:00","description":"Encuentra un socio cerca de ti para empezar a utilizar nuestra plataforma Cyber Guru","breadcrumb":{"@id":"https:\/\/www.cyberguru.it\/es\/como-comprar\/#breadcrumb"},"inLanguage":"es","potentialAction":[{"@type":"ReadAction","target":["https:\/\/www.cyberguru.it\/es\/como-comprar\/"]}]},{"@type":"BreadcrumbList","@id":"https:\/\/www.cyberguru.it\/es\/como-comprar\/#breadcrumb","itemListElement":[{"@type":"ListItem","position":1,"name":"Home","item":"https:\/\/www.cyberguru.it\/es\/pagina-de-inicio-v2-borrador\/"},{"@type":"ListItem","position":2,"name":"C\u00f3mo comprar"}]},{"@type":"WebSite","@id":"https:\/\/www.cyberguru.it\/es\/#website","url":"https:\/\/www.cyberguru.it\/es\/","name":"Cyber Guru","description":"Security Awareness Training That Works!","potentialAction":[{"@type":"SearchAction","target":{"@type":"EntryPoint","urlTemplate":"https:\/\/www.cyberguru.it\/es\/?s={search_term_string}"},"query-input":{"@type":"PropertyValueSpecification","valueRequired":true,"valueName":"search_term_string"}}],"inLanguage":"es"}]}},"_links":{"self":[{"href":"https:\/\/www.cyberguru.it\/es\/wp-json\/wp\/v2\/pages\/40863","targetHints":{"allow":["GET"]}}],"collection":[{"href":"https:\/\/www.cyberguru.it\/es\/wp-json\/wp\/v2\/pages"}],"about":[{"href":"https:\/\/www.cyberguru.it\/es\/wp-json\/wp\/v2\/types\/page"}],"author":[{"embeddable":true,"href":"https:\/\/www.cyberguru.it\/es\/wp-json\/wp\/v2\/users\/4"}],"replies":[{"embeddable":true,"href":"https:\/\/www.cyberguru.it\/es\/wp-json\/wp\/v2\/comments?post=40863"}],"version-history":[{"count":15,"href":"https:\/\/www.cyberguru.it\/es\/wp-json\/wp\/v2\/pages\/40863\/revisions"}],"predecessor-version":[{"id":56092,"href":"https:\/\/www.cyberguru.it\/es\/wp-json\/wp\/v2\/pages\/40863\/revisions\/56092"}],"wp:attachment":[{"href":"https:\/\/www.cyberguru.it\/es\/wp-json\/wp\/v2\/media?parent=40863"}],"curies":[{"name":"wp","href":"https:\/\/api.w.org\/{rel}","templated":true}]}}