{"id":25658,"date":"2023-01-17T19:05:00","date_gmt":"2023-01-17T19:05:00","guid":{"rendered":"http:\/\/35.157.126.229\/boletin\/"},"modified":"2023-04-10T14:22:34","modified_gmt":"2023-04-10T14:22:34","slug":"boletin","status":"publish","type":"page","link":"https:\/\/www.cyberguru.it\/es\/boletin\/","title":{"rendered":"Bolet\u00edn"},"content":{"rendered":"<p>[et_pb_section fb_built=\u00bb1&#8243; _builder_version=\u00bb4.18.0&#8243; _module_preset=\u00bbdefault\u00bb background_image=\u00bbhttps:\/\/www.cyberguru.it\/wp-content\/uploads\/2022\/10\/Hero-1.webp\u00bb locked=\u00bboff\u00bb global_colors_info=\u00bb{}\u00bb][et_pb_row custom_padding_last_edited=\u00bbon|phone\u00bb _builder_version=\u00bb4.19.4&#8243; _module_preset=\u00bbdefault\u00bb width=\u00bb100%\u00bb max_width=\u00bb2560px\u00bb custom_margin=\u00bb150px||||false|false\u00bb custom_padding=\u00bb|||10%|false|false\u00bb custom_padding_tablet=\u00bb|||10%|false|false\u00bb custom_padding_phone=\u00bb|5%||5%|false|true\u00bb global_colors_info=\u00bb{}\u00bb][et_pb_column type=\u00bb4_4&#8243; _builder_version=\u00bb4.18.0&#8243; _module_preset=\u00bbdefault\u00bb global_colors_info=\u00bb{}\u00bb][et_pb_text _builder_version=\u00bb4.19.4&#8243; _module_preset=\u00bbdefault\u00bb header_font=\u00bbInter|700|||||||\u00bb header_text_color=\u00bb#FFFFFF\u00bb header_font_size=\u00bb60px\u00bb custom_margin=\u00bb||||false|false\u00bb custom_padding=\u00bb||||false|false\u00bb header_font_size_tablet=\u00bb60px\u00bb header_font_size_phone=\u00bb42px\u00bb header_font_size_last_edited=\u00bbon|phone\u00bb global_colors_info=\u00bb{}\u00bb]<\/p>\n<h1>Bolet\u00edn<\/h1>\n<p>[\/et_pb_text][\/et_pb_column][\/et_pb_row][\/et_pb_section][et_pb_section fb_built=\u00bb1&#8243; _builder_version=\u00bb4.18.0&#8243; _module_preset=\u00bbdefault\u00bb background_enable_color=\u00bboff\u00bb background_image=\u00bbhttps:\/\/www.cyberguru.it\/wp-content\/uploads\/2022\/10\/Rete_Neuronale-2ng.webp\u00bb background_position=\u00bbbottom_center\u00bb custom_padding=\u00bb50px||50px||true|false\u00bb locked=\u00bboff\u00bb global_colors_info=\u00bb{}\u00bb][et_pb_row _builder_version=\u00bb4.18.0&#8243; _module_preset=\u00bbdefault\u00bb max_width=\u00bb1440px\u00bb global_colors_info=\u00bb{}\u00bb][et_pb_column type=\u00bb4_4&#8243; _builder_version=\u00bb4.18.0&#8243; _module_preset=\u00bbdefault\u00bb global_colors_info=\u00bb{}\u00bb][et_pb_image src=\u00bbhttps:\/\/www.cyberguru.it\/wp-content\/uploads\/2022\/09\/Di-piu\u0300.webp\u00bb alt=\u00bbM\u00e1s\u00bb title_text=\u00bbM\u00e1s\u00bb _builder_version=\u00bb4.18.0&#8243; _module_preset=\u00bbdefault\u00bb positioning=\u00bbabsolute\u00bb position_origin_a=\u00bbbottom_right\u00bb vertical_offset=\u00bb-200px\u00bb horizontal_offset=\u00bb85px\u00bb vertical_offset_tablet=\u00bb-55px\u00bb vertical_offset_phone=\u00bb-90px\u00bb vertical_offset_last_edited=\u00bbon|phone\u00bb horizontal_offset_tablet=\u00bb-55px\u00bb horizontal_offset_phone=\u00bb-50px\u00bb horizontal_offset_last_edited=\u00bbon|phone\u00bb position_origin_a_tablet=\u00bbtop_left\u00bb position_origin_a_phone=\u00bbtop_left\u00bb position_origin_a_last_edited=\u00bbon|phone\u00bb position_origin_f_tablet=\u00bb\u00bb position_origin_f_phone=\u00bb\u00bb position_origin_f_last_edited=\u00bbon|phone\u00bb position_origin_r_tablet=\u00bb\u00bb position_origin_r_phone=\u00bb\u00bb position_origin_r_last_edited=\u00bbon|phone\u00bb width=\u00bb100%\u00bb custom_margin=\u00bb||||false|false\u00bb positioning_tablet=\u00bbabsolute\u00bb positioning_phone=\u00bbabsolute\u00bb positioning_last_edited=\u00bbon|phone\u00bb global_colors_info=\u00bb{}\u00bb][\/et_pb_image][\/et_pb_column][\/et_pb_row][et_pb_row custom_padding_last_edited=\u00bbon|phone\u00bb admin_label=\u00bbL\u00ednea\u00bb _builder_version=\u00bb4.18.0&#8243; _module_preset=\u00bbdefault\u00bb background_color=\u00bb#FFFFFF\u00bb max_width=\u00bb1440px\u00bb custom_margin=\u00bb||0px||false|false\u00bb custom_padding=\u00bb70px|170px|0px|170px|false|true\u00bb custom_padding_tablet=\u00bb|100px||100px|false|true\u00bb custom_padding_phone=\u00bb70px|5px|0px|5px|false|true\u00bb border_radii=\u00bboff|10px|10px||\u00bb box_shadow_style=\u00bbpreset2&#8243; box_shadow_horizontal=\u00bb0px\u00bb global_colors_info=\u00bb{}\u00bb][et_pb_column type=\u00bb4_4&#8243; _builder_version=\u00bb4.18.0&#8243; _module_preset=\u00bbdefault\u00bb global_colors_info=\u00bb{}\u00bb][et_pb_text _builder_version=\u00bb4.19.4&#8243; _module_preset=\u00bbdefault\u00bb text_font=\u00bbRubik|300|||||||\u00bb text_text_color=\u00bbgcid-65b65f10-97af-4b49-9890-b01efe796309&#8243; text_font_size=\u00bb20px\u00bb header_2_font=\u00bbInter|700|||||||\u00bb header_2_text_color=\u00bbgcid-65b65f10-97af-4b49-9890-b01efe796309&#8243; header_2_font_size=\u00bb48px\u00bb header_2_line_height=\u00bb58px\u00bb module_alignment=\u00bbcenter\u00bb custom_margin=\u00bb||25px||false|false\u00bb custom_padding=\u00bb||0px||false|false\u00bb header_2_font_size_tablet=\u00bb48px\u00bb header_2_font_size_phone=\u00bb32px\u00bb header_2_font_size_last_edited=\u00bbon|phone\u00bb header_2_line_height_tablet=\u00bb58px\u00bb header_2_line_height_phone=\u00bb35px\u00bb header_2_line_height_last_edited=\u00bbon|phone\u00bb global_colors_info=\u00bb{%22gcid-65b65f10-97af-4b49-9890-b01efe796309%22:%91%22text_text_color%22,%22header_2_text_color%22%93}\u00bb]<\/p>\n<h2 style=\"text-align: center;\">Suscr\u00edbete al bolet\u00edn<\/h2>\n<p>[\/et_pb_text][\/et_pb_column][\/et_pb_row][et_pb_row custom_padding_last_edited=\u00bbon|phone\u00bb _builder_version=\u00bb4.19.4&#8243; _module_preset=\u00bbdefault\u00bb background_color=\u00bb#FFFFFF\u00bb max_width=\u00bb1440px\u00bb custom_margin=\u00bb0px||||false|false\u00bb custom_padding=\u00bb0px|160px|70px|160px|false|true\u00bb custom_padding_tablet=\u00bb0px|160px|70px|160px|false|true\u00bb custom_padding_phone=\u00bb0px|0px|70px|0px|false|true\u00bb border_radii=\u00bboff|||15px|15px\u00bb box_shadow_style=\u00bbpreset2&#8243; box_shadow_vertical=\u00bb20px\u00bb global_colors_info=\u00bb{}\u00bb][et_pb_column type=\u00bb4_4&#8243; _builder_version=\u00bb4.18.0&#8243; _module_preset=\u00bbdefault\u00bb global_colors_info=\u00bb{}\u00bb][et_pb_code _builder_version=\u00bb4.19.4&#8243; _module_preset=\u00bbdefault\u00bb global_colors_info=\u00bb{}\u00bb]<script charset=\"utf-8\" type=\"text\/javascript\" src=\"\/\/js-eu1.hsforms.net\/forms\/embed\/v2.js\"><\/script><!-- [et_pb_line_break_holder] --><script><!-- [et_pb_line_break_holder] -->hbspt.forms.create({<!-- [et_pb_line_break_holder] -->region: \"eu1\",<!-- [et_pb_line_break_holder] -->portalId: \"25364581\",<!-- [et_pb_line_break_holder] -->formId: \"d747aa95-e341-4ec8-b61a-a30a920a9b38\"<!-- [et_pb_line_break_holder] -->});<!-- [et_pb_line_break_holder] --><\/script>[\/et_pb_code][\/et_pb_column][\/et_pb_row][et_pb_row _builder_version=\u00bb4.18.0&#8243; _module_preset=\u00bbdefault\u00bb max_width=\u00bb1440px\u00bb global_colors_info=\u00bb{}\u00bb][et_pb_column type=\u00bb4_4&#8243; _builder_version=\u00bb4.18.0&#8243; _module_preset=\u00bbdefault\u00bb global_colors_info=\u00bb{}\u00bb][et_pb_image src=\u00bbhttps:\/\/www.cyberguru.it\/wp-content\/uploads\/2022\/09\/Vuoi-saperne.webp\u00bb alt=\u00bbinformaci\u00f3n\u00bb title_text=\u00bbinformaci\u00f3n\u00bb align=\u00bbright\u00bb _builder_version=\u00bb4.18.0&#8243; _module_preset=\u00bbdefault\u00bb positioning=\u00bbabsolute\u00bb position_origin_a=\u00bbbottom_right\u00bb vertical_offset=\u00bb-20px\u00bb horizontal_offset=\u00bb-100px\u00bb vertical_offset_tablet=\u00bb-20px\u00bb vertical_offset_phone=\u00bb-80px\u00bb vertical_offset_last_edited=\u00bbon|phone\u00bb horizontal_offset_tablet=\u00bb-100px\u00bb horizontal_offset_phone=\u00bb-130px\u00bb horizontal_offset_last_edited=\u00bbon|phone\u00bb width=\u00bb25%\u00bb width_tablet=\u00bb25%\u00bb width_phone=\u00bb25%\u00bb width_last_edited=\u00bbon|phone\u00bb overflow-x=\u00bbvisible\u00bb overflow-y=\u00bbvisible\u00bb custom_margin=\u00bb||||false|false\u00bb locked=\u00bboff\u00bb global_colors_info=\u00bb{}\u00bb][\/et_pb_image][\/et_pb_column][\/et_pb_row][\/et_pb_section]<\/p>\n","protected":false},"excerpt":{"rendered":"<p>Bolet\u00ednSuscr\u00edbete al bolet\u00edn<\/p>\n","protected":false},"author":4,"featured_media":0,"parent":0,"menu_order":0,"comment_status":"closed","ping_status":"closed","template":"","meta":{"_et_pb_use_builder":"on","_et_pb_old_content":"","_et_gb_content_width":"","content-type":"","footnotes":""},"class_list":["post-25658","page","type-page","status-publish","hentry"],"yoast_head":"<!-- This site is optimized with the Yoast SEO Premium plugin v27.4 (Yoast SEO v27.4) - https:\/\/yoast.com\/product\/yoast-seo-premium-wordpress\/ -->\n<title>Bolet\u00edn - Cyber Guru<\/title>\n<meta name=\"description\" content=\"No se pierda ninguna noticia de Cyberguru, mant\u00e9ngase al d\u00eda sobre temas de ciberseguridad con nuestro bolet\u00edn. Suscr\u00edbete\" \/>\n<meta name=\"robots\" content=\"index, follow, max-snippet:-1, max-image-preview:large, max-video-preview:-1\" \/>\n<link rel=\"canonical\" href=\"https:\/\/www.cyberguru.it\/es\/boletin\/\" \/>\n<meta property=\"og:locale\" content=\"es_ES\" \/>\n<meta property=\"og:type\" content=\"article\" \/>\n<meta property=\"og:title\" content=\"Bolet\u00edn\" \/>\n<meta property=\"og:description\" content=\"No se pierda ninguna noticia de Cyberguru, mant\u00e9ngase al d\u00eda sobre temas de ciberseguridad con nuestro bolet\u00edn. Suscr\u00edbete\" \/>\n<meta property=\"og:url\" content=\"https:\/\/www.cyberguru.it\/es\/boletin\/\" \/>\n<meta property=\"og:site_name\" content=\"Cyber Guru\" \/>\n<meta property=\"article:publisher\" content=\"https:\/\/www.facebook.com\/Cyber.Guru.Enterprise\" \/>\n<meta property=\"article:modified_time\" content=\"2023-04-10T14:22:34+00:00\" \/>\n<meta property=\"og:image\" content=\"https:\/\/www.cyberguru.it\/wp-content\/uploads\/2023\/12\/social.jpg\" \/>\n\t<meta property=\"og:image:width\" content=\"1512\" \/>\n\t<meta property=\"og:image:height\" content=\"981\" \/>\n\t<meta property=\"og:image:type\" content=\"image\/jpeg\" \/>\n<meta name=\"twitter:card\" content=\"summary_large_image\" \/>\n<meta name=\"twitter:label1\" content=\"Tiempo de lectura\" \/>\n\t<meta name=\"twitter:data1\" content=\"1 minuto\" \/>\n<script type=\"application\/ld+json\" class=\"yoast-schema-graph\">{\"@context\":\"https:\\\/\\\/schema.org\",\"@graph\":[{\"@type\":\"WebPage\",\"@id\":\"https:\\\/\\\/www.cyberguru.it\\\/es\\\/boletin\\\/\",\"url\":\"https:\\\/\\\/www.cyberguru.it\\\/es\\\/boletin\\\/\",\"name\":\"Bolet\u00edn - Cyber Guru\",\"isPartOf\":{\"@id\":\"https:\\\/\\\/www.cyberguru.it\\\/es\\\/#website\"},\"datePublished\":\"2023-01-17T19:05:00+00:00\",\"dateModified\":\"2023-04-10T14:22:34+00:00\",\"description\":\"No se pierda ninguna noticia de Cyberguru, mant\u00e9ngase al d\u00eda sobre temas de ciberseguridad con nuestro bolet\u00edn. Suscr\u00edbete\",\"breadcrumb\":{\"@id\":\"https:\\\/\\\/www.cyberguru.it\\\/es\\\/boletin\\\/#breadcrumb\"},\"inLanguage\":\"es\",\"potentialAction\":[{\"@type\":\"ReadAction\",\"target\":[\"https:\\\/\\\/www.cyberguru.it\\\/es\\\/boletin\\\/\"]}]},{\"@type\":\"BreadcrumbList\",\"@id\":\"https:\\\/\\\/www.cyberguru.it\\\/es\\\/boletin\\\/#breadcrumb\",\"itemListElement\":[{\"@type\":\"ListItem\",\"position\":1,\"name\":\"Home\",\"item\":\"https:\\\/\\\/www.cyberguru.it\\\/es\\\/pagina-de-inicio-v2-borrador\\\/\"},{\"@type\":\"ListItem\",\"position\":2,\"name\":\"Bolet\u00edn\"}]},{\"@type\":\"WebSite\",\"@id\":\"https:\\\/\\\/www.cyberguru.it\\\/es\\\/#website\",\"url\":\"https:\\\/\\\/www.cyberguru.it\\\/es\\\/\",\"name\":\"Cyber Guru\",\"description\":\"Security Awareness Training That Works!\",\"potentialAction\":[{\"@type\":\"SearchAction\",\"target\":{\"@type\":\"EntryPoint\",\"urlTemplate\":\"https:\\\/\\\/www.cyberguru.it\\\/es\\\/?s={search_term_string}\"},\"query-input\":{\"@type\":\"PropertyValueSpecification\",\"valueRequired\":true,\"valueName\":\"search_term_string\"}}],\"inLanguage\":\"es\"}]}<\/script>\n<!-- \/ Yoast SEO Premium plugin. -->","yoast_head_json":{"title":"Bolet\u00edn - Cyber Guru","description":"No se pierda ninguna noticia de Cyberguru, mant\u00e9ngase al d\u00eda sobre temas de ciberseguridad con nuestro bolet\u00edn. Suscr\u00edbete","robots":{"index":"index","follow":"follow","max-snippet":"max-snippet:-1","max-image-preview":"max-image-preview:large","max-video-preview":"max-video-preview:-1"},"canonical":"https:\/\/www.cyberguru.it\/es\/boletin\/","og_locale":"es_ES","og_type":"article","og_title":"Bolet\u00edn","og_description":"No se pierda ninguna noticia de Cyberguru, mant\u00e9ngase al d\u00eda sobre temas de ciberseguridad con nuestro bolet\u00edn. Suscr\u00edbete","og_url":"https:\/\/www.cyberguru.it\/es\/boletin\/","og_site_name":"Cyber Guru","article_publisher":"https:\/\/www.facebook.com\/Cyber.Guru.Enterprise","article_modified_time":"2023-04-10T14:22:34+00:00","og_image":[{"width":1512,"height":981,"url":"https:\/\/www.cyberguru.it\/wp-content\/uploads\/2023\/12\/social.jpg","type":"image\/jpeg"}],"twitter_card":"summary_large_image","twitter_misc":{"Tiempo de lectura":"1 minuto"},"schema":{"@context":"https:\/\/schema.org","@graph":[{"@type":"WebPage","@id":"https:\/\/www.cyberguru.it\/es\/boletin\/","url":"https:\/\/www.cyberguru.it\/es\/boletin\/","name":"Bolet\u00edn - Cyber Guru","isPartOf":{"@id":"https:\/\/www.cyberguru.it\/es\/#website"},"datePublished":"2023-01-17T19:05:00+00:00","dateModified":"2023-04-10T14:22:34+00:00","description":"No se pierda ninguna noticia de Cyberguru, mant\u00e9ngase al d\u00eda sobre temas de ciberseguridad con nuestro bolet\u00edn. Suscr\u00edbete","breadcrumb":{"@id":"https:\/\/www.cyberguru.it\/es\/boletin\/#breadcrumb"},"inLanguage":"es","potentialAction":[{"@type":"ReadAction","target":["https:\/\/www.cyberguru.it\/es\/boletin\/"]}]},{"@type":"BreadcrumbList","@id":"https:\/\/www.cyberguru.it\/es\/boletin\/#breadcrumb","itemListElement":[{"@type":"ListItem","position":1,"name":"Home","item":"https:\/\/www.cyberguru.it\/es\/pagina-de-inicio-v2-borrador\/"},{"@type":"ListItem","position":2,"name":"Bolet\u00edn"}]},{"@type":"WebSite","@id":"https:\/\/www.cyberguru.it\/es\/#website","url":"https:\/\/www.cyberguru.it\/es\/","name":"Cyber Guru","description":"Security Awareness Training That Works!","potentialAction":[{"@type":"SearchAction","target":{"@type":"EntryPoint","urlTemplate":"https:\/\/www.cyberguru.it\/es\/?s={search_term_string}"},"query-input":{"@type":"PropertyValueSpecification","valueRequired":true,"valueName":"search_term_string"}}],"inLanguage":"es"}]}},"_links":{"self":[{"href":"https:\/\/www.cyberguru.it\/es\/wp-json\/wp\/v2\/pages\/25658","targetHints":{"allow":["GET"]}}],"collection":[{"href":"https:\/\/www.cyberguru.it\/es\/wp-json\/wp\/v2\/pages"}],"about":[{"href":"https:\/\/www.cyberguru.it\/es\/wp-json\/wp\/v2\/types\/page"}],"author":[{"embeddable":true,"href":"https:\/\/www.cyberguru.it\/es\/wp-json\/wp\/v2\/users\/4"}],"replies":[{"embeddable":true,"href":"https:\/\/www.cyberguru.it\/es\/wp-json\/wp\/v2\/comments?post=25658"}],"version-history":[{"count":4,"href":"https:\/\/www.cyberguru.it\/es\/wp-json\/wp\/v2\/pages\/25658\/revisions"}],"predecessor-version":[{"id":30052,"href":"https:\/\/www.cyberguru.it\/es\/wp-json\/wp\/v2\/pages\/25658\/revisions\/30052"}],"wp:attachment":[{"href":"https:\/\/www.cyberguru.it\/es\/wp-json\/wp\/v2\/media?parent=25658"}],"curies":[{"name":"wp","href":"https:\/\/api.w.org\/{rel}","templated":true}]}}