{"id":50467,"date":"2025-09-04T09:00:22","date_gmt":"2025-09-04T09:00:22","guid":{"rendered":"https:\/\/www.cyberguru.it\/demo-anfordern\/"},"modified":"2026-04-21T10:52:51","modified_gmt":"2026-04-21T10:52:51","slug":"demo-anfordern","status":"publish","type":"page","link":"https:\/\/www.cyberguru.it\/de\/demo-anfordern\/","title":{"rendered":"Demo anfordern"},"content":{"rendered":"<p>[et_pb_section fb_built=&#8220;1&#8243; module_id=&#8220;hhh&#8220; _builder_version=&#8220;4.27.6&#8243; _module_preset=&#8220;default&#8220; background_enable_color=&#8220;off&#8220; use_background_color_gradient=&#8220;on&#8220; background_color_gradient_direction=&#8220;85deg&#8220; background_color_gradient_stops=&#8220;#010512 0%|#071036 75%&#8220; background_enable_image=&#8220;off&#8220; min_height=&#8220;100vh&#8220; custom_margin=&#8220;||||false|false&#8220; custom_padding=&#8220;16%||||false|false&#8220; hover_enabled=&#8220;0&#8243; custom_css_main_element=&#8220;min-height:100vh;&#8220; global_colors_info=&#8220;{}&#8220; sticky_enabled=&#8220;0&#8243;][et_pb_row column_structure=&#8220;1_2,1_2&#8243; _builder_version=&#8220;4.27.4&#8243; _module_preset=&#8220;default&#8220; max_width=&#8220;1440px&#8220; custom_margin=&#8220;||||false|false&#8220; custom_margin_tablet=&#8220;150px||||false|false&#8220; custom_margin_phone=&#8220;50px||||false|false&#8220; custom_margin_last_edited=&#8220;on|phone&#8220; custom_css_main_element=&#8220;margin: 0 auto;&#8220; global_colors_info=&#8220;{}&#8220;][et_pb_column type=&#8220;1_2&#8243; _builder_version=&#8220;4.18.0&#8243; _module_preset=&#8220;default&#8220; global_colors_info=&#8220;{}&#8220;][et_pb_image src=&#8220;https:\/\/www.cyberguru.it\/wp-content\/uploads\/2022\/09\/Cyber-guru.webp&#8220; alt=&#8220;Cyber-Guru&#8220; title_text=&#8220;Cyber-Guru&#8220; _builder_version=&#8220;4.27.4&#8243; _module_preset=&#8220;default&#8220; height=&#8220;56px&#8220; custom_margin=&#8220;||0px||false|false&#8220; global_colors_info=&#8220;{}&#8220;][\/et_pb_image][et_pb_text _builder_version=&#8220;4.27.4&#8243; _module_preset=&#8220;default&#8220; header_font=&#8220;Inter|700|||||||&#8220; header_text_align=&#8220;left&#8220; header_text_color=&#8220;#FFFFFF&#8220; header_font_size=&#8220;50px&#8220; header_line_height=&#8220;77.45px&#8220; custom_margin=&#8220;||0px||false|false&#8220; custom_padding=&#8220;10px||||false|false&#8220; header_font_size_tablet=&#8220;64px&#8220; header_font_size_phone=&#8220;32px&#8220; header_font_size_last_edited=&#8220;on|phone&#8220; header_line_height_tablet=&#8220;77.45px&#8220; header_line_height_phone=&#8220;35px&#8220; header_line_height_last_edited=&#8220;on|phone&#8220; global_colors_info=&#8220;{}&#8220;]<\/p>\n<h1>Demo anfordern<\/h1>\n<p>[\/et_pb_text][et_pb_text _builder_version=&#8220;4.27.4&#8243; _module_preset=&#8220;default&#8220; text_font=&#8220;Inter||||||||&#8220; text_text_color=&#8220;#FFFFFF&#8220; text_font_size=&#8220;16px&#8220; width_tablet=&#8220;70%&#8220; width_phone=&#8220;90%&#8220; width_last_edited=&#8220;on|phone&#8220; module_alignment=&#8220;center&#8220; custom_margin=&#8220;||0px||false|false&#8220; custom_padding=&#8220;||||false|false&#8220; global_colors_info=&#8220;{}&#8220;]<\/p>\n<p>Entdecken Sie die Wirksamkeit unserer Plattform bei der Pr\u00e4vention von Cyber-Bedrohungen und wie ihre Schulungsprogramme dazu beitragen, das menschliche Risiko zu mindern. <strong> <\/strong><\/p>\n<p><strong>Buchen Sie jetzt eine Demo: Einer unserer Experten wird Sie in K\u00fcrze kontaktieren.<\/strong><\/p>\n<p>[\/et_pb_text][et_pb_text _builder_version=&#8220;4.27.4&#8243; _module_preset=&#8220;default&#8220; text_font=&#8220;Inter||||||||&#8220; text_text_color=&#8220;#FFFFFF&#8220; text_font_size=&#8220;20px&#8220; width_tablet=&#8220;70%&#8220; width_phone=&#8220;90%&#8220; width_last_edited=&#8220;on|phone&#8220; module_alignment=&#8220;center&#8220; min_height=&#8220;23.8px&#8220; custom_margin=&#8220;20px||20px||true|false&#8220; global_colors_info=&#8220;{}&#8220;]<\/p>\n<p class=\"paragraph bold-text\"><strong>In der 30-min\u00fctigen Demo erfahren Sie:<\/strong><\/p>\n<p>[\/et_pb_text][et_pb_text _builder_version=&#8220;4.27.4&#8243; _module_preset=&#8220;default&#8220; text_font=&#8220;Inter||||||||&#8220; text_text_color=&#8220;#FFFFFF&#8220; text_font_size=&#8220;16px&#8220; text_line_height=&#8220;1.1em&#8220; width_tablet=&#8220;70%&#8220; width_phone=&#8220;90%&#8220; width_last_edited=&#8220;on|phone&#8220; module_alignment=&#8220;center&#8220; custom_margin=&#8220;||40px||false|false&#8220; global_colors_info=&#8220;{}&#8220;]<\/p>\n<p><img loading=\"lazy\" decoding=\"async\" src=\"https:\/\/www.cyberguru.it\/wp-content\/uploads\/2025\/07\/yes-300x220.png\" width=\"19\" height=\"14\" alt=\"\" class=\"wp-image-48831 alignnone size-medium\"> Eine umfassende Plattform, die alle Anforderungen an Security Awareness abdeckt<\/p>\n<p><img loading=\"lazy\" decoding=\"async\" src=\"https:\/\/www.cyberguru.it\/wp-content\/uploads\/2025\/07\/yes-300x220.png\" width=\"19\" height=\"14\" alt=\"\" class=\"wp-image-48831 alignnone size-medium\"> Konkrete Ergebnisse dank Methodik, Gamification und Microlearning<\/p>\n<p><img loading=\"lazy\" decoding=\"async\" src=\"https:\/\/www.cyberguru.it\/wp-content\/uploads\/2025\/07\/yes-300x220.png\" width=\"19\" height=\"14\" alt=\"\" class=\"wp-image-48831 alignnone size-medium\"> Adaptive Lernpfade f\u00fcr jede Rolle, mit stets verf\u00fcgbarem operativem Support<\/p>\n<p><img loading=\"lazy\" decoding=\"async\" src=\"https:\/\/www.cyberguru.it\/wp-content\/uploads\/2025\/07\/yes-300x220.png\" width=\"19\" height=\"14\" alt=\"\" class=\"wp-image-48831 alignnone size-medium\"> Einfache Implementierung, vollst\u00e4ndige Kontrolle und garantierte Compliance<\/p>\n<p>[\/et_pb_text][et_pb_text _builder_version=&#8220;4.27.4&#8243; _module_preset=&#8220;default&#8220; text_font=&#8220;Inter||||||||&#8220; text_text_color=&#8220;#FFFFFF&#8220; text_font_size=&#8220;16px&#8220; text_line_height=&#8220;1.5em&#8220; background_enable_color=&#8220;off&#8220; use_background_color_gradient=&#8220;on&#8220; background_color_gradient_direction=&#8220;105deg&#8220; background_color_gradient_stops=&#8220;#010512 0%|#071036 100%&#8220; width_tablet=&#8220;70%&#8220; width_phone=&#8220;90%&#8220; width_last_edited=&#8220;on|phone&#8220; module_alignment=&#8220;center&#8220; custom_margin=&#8220;||20px||false|false&#8220; custom_padding=&#8220;30px|30px|30px|30px|true|true&#8220; border_radii=&#8220;on|10px|10px|10px|10px&#8220; border_width_all=&#8220;1px&#8220; border_color_all=&#8220;gcid-ea7ac644-2741-4063-86d6-d9905bae6680&#8243; box_shadow_style=&#8220;preset1&#8243; box_shadow_color=&#8220;gcid-ea7ac644-2741-4063-86d6-d9905bae6680&#8243; global_colors_info=&#8220;{%22gcid-ea7ac644-2741-4063-86d6-d9905bae6680%22:%91%22border_color_all%22,%22box_shadow_color%22%93}&#8220;]<\/p>\n<p>\u201eWir haben verschiedene L\u00f6sungen evaluiert, darunter auch solche, die von aufstrebenden internationalen Anbietern vorgeschlagen wurden, aber letztendlich haben wir uns f\u00fcr Cyber Guru aufgrund der hohen Qualit\u00e4t der Inhalte und der F\u00e4higkeit, diese wirklich ansprechend zu gestalten&#8230;\u201c<\/p>\n<p><strong>Ugo Vignolo Lutati<\/strong>, <strong>Chief Information Security Officer (CISO) der Prada Gruppe<\/strong>.<\/p>\n<p><img loading=\"lazy\" decoding=\"async\" src=\"https:\/\/www.cyberguru.it\/wp-content\/uploads\/2025\/01\/Prada_Group_white-300x52.png\" width=\"184\" height=\"32\" alt=\"Prada_Group_white\" class=\"wp-image-42211 size-medium\"><\/p>\n<p>[\/et_pb_text][et_pb_code admin_label=&#8220;Code&#8220; module_id=&#8220;WidgetContainerFooter&#8220; _builder_version=&#8220;4.27.4&#8243; _module_preset=&#8220;default&#8220; text_orientation=&#8220;right&#8220; custom_margin=&#8220;||10px|30px|false|false&#8220; custom_css_main_element=&#8220;float: unset !important;&#8220; locked=&#8220;off&#8220; global_colors_info=&#8220;{}&#8220;]<script type=\"text\/javascript\"> <!-- [et_pb_line_break_holder] -->  GartnerPI_Widget({ <!-- [et_pb_line_break_holder] -->   size: \"line\", <!-- [et_pb_line_break_holder] -->   theme: \"dark\", <!-- [et_pb_line_break_holder] -->   sourcingLink: \"https:\/\/gtnr.io\/8BMt7aXwd\", <!-- [et_pb_line_break_holder] -->   widget_id: \"N2I0ZmFkYTAtZGI2Yy00Y2QxLThhNGMtMzYwNzkzNGVkNmQ5\", <!-- [et_pb_line_break_holder] -->   version: \"2\", <!-- [et_pb_line_break_holder] -->\/\/ container: document.getElementById('widget-container2')<!-- [et_pb_line_break_holder] -->   container: document.getElementById('WidgetContainerFooter')<!-- [et_pb_line_break_holder] --> }) <!-- [et_pb_line_break_holder] --><\/script>[\/et_pb_code][\/et_pb_column][et_pb_column type=&#8220;1_2&#8243; _builder_version=&#8220;4.18.0&#8243; _module_preset=&#8220;default&#8220; global_colors_info=&#8220;{}&#8220;][et_pb_code _builder_version=&#8220;4.27.2&#8243; _module_preset=&#8220;default&#8220; background_color=&#8220;#FFFFFF&#8220; custom_padding=&#8220;30px|30px|30px|30px|true|true&#8220; border_radii=&#8220;on|20px|20px|20px|20px&#8220; locked=&#8220;off&#8220; global_colors_info=&#8220;{}&#8220;]<script charset=\"utf-8\" type=\"text\/javascript\" src=\"\/\/js-eu1.hsforms.net\/forms\/embed\/v2.js\"><\/script><!-- [et_pb_line_break_holder] --><script><!-- [et_pb_line_break_holder] -->  hbspt.forms.create({<!-- [et_pb_line_break_holder] -->    region: \"eu1\",<!-- [et_pb_line_break_holder] -->    portalId: \"25364581\",<!-- [et_pb_line_break_holder] -->    formId: \"031559a2-351e-441b-ac49-9b1286d62262\"<!-- [et_pb_line_break_holder] -->  });<!-- [et_pb_line_break_holder] --><\/script>[\/et_pb_code][\/et_pb_column][\/et_pb_row][\/et_pb_section]<\/p>\n","protected":false},"excerpt":{"rendered":"<p>Demo anfordernEntdecken Sie die Wirksamkeit unserer Plattform bei der Pr\u00e4vention von Cyber-Bedrohungen und wie ihre Schulungsprogramme dazu beitragen, das menschliche Risiko zu mindern. Buchen Sie jetzt eine Demo: Einer unserer Experten wird Sie in K\u00fcrze kontaktieren.In der 30-min\u00fctigen Demo erfahren Sie: Eine umfassende Plattform, die alle Anforderungen an Security Awareness abdeckt Konkrete Ergebnisse dank Methodik, [&hellip;]<\/p>\n","protected":false},"author":4,"featured_media":0,"parent":0,"menu_order":0,"comment_status":"closed","ping_status":"closed","template":"","meta":{"_et_pb_use_builder":"on","_et_pb_old_content":"","_et_gb_content_width":"","content-type":"","footnotes":""},"class_list":["post-50467","page","type-page","status-publish","hentry"],"yoast_head":"<!-- This site is optimized with the Yoast SEO Premium plugin v27.4 (Yoast SEO v27.4) - https:\/\/yoast.com\/product\/yoast-seo-premium-wordpress\/ -->\n<title>Fordern Sie die Demo der Security Awareness Plattform an - Cyber Guru<\/title>\n<meta name=\"description\" content=\"Entdecken Sie unsere Plattform und buchen Sie eine Demo, um zu erfahren, wie Sie Cyber-Bedrohungen mit konkreten Ergebnissen verhindern k\u00f6nnen.\" \/>\n<meta name=\"robots\" content=\"index, follow, max-snippet:-1, max-image-preview:large, max-video-preview:-1\" \/>\n<link rel=\"canonical\" href=\"https:\/\/www.cyberguru.it\/de\/demo-anfordern\/\" \/>\n<meta property=\"og:locale\" content=\"de_DE\" \/>\n<meta property=\"og:type\" content=\"article\" \/>\n<meta property=\"og:title\" content=\"Demo anfordern\" \/>\n<meta property=\"og:description\" content=\"Entdecken Sie unsere Plattform und buchen Sie eine Demo, um zu erfahren, wie Sie Cyber-Bedrohungen mit konkreten Ergebnissen verhindern k\u00f6nnen.\" \/>\n<meta property=\"og:url\" content=\"https:\/\/www.cyberguru.it\/de\/demo-anfordern\/\" \/>\n<meta property=\"og:site_name\" content=\"Cyber Guru\" \/>\n<meta property=\"article:publisher\" content=\"https:\/\/www.facebook.com\/Cyber.Guru.Enterprise\" \/>\n<meta property=\"article:modified_time\" content=\"2026-04-21T10:52:51+00:00\" \/>\n<meta property=\"og:image\" content=\"http:\/\/www.cyberguru.it\/wp-content\/uploads\/2025\/09\/Mix_Awareness_IT-1024x723.webp\" \/>\n<meta name=\"twitter:card\" content=\"summary_large_image\" \/>\n<meta name=\"twitter:label1\" content=\"Gesch\u00e4tzte Lesezeit\" \/>\n\t<meta name=\"twitter:data1\" content=\"4\u00a0Minuten\" \/>\n<script type=\"application\/ld+json\" class=\"yoast-schema-graph\">{\"@context\":\"https:\\\/\\\/schema.org\",\"@graph\":[{\"@type\":\"WebPage\",\"@id\":\"https:\\\/\\\/www.cyberguru.it\\\/de\\\/demo-anfordern\\\/\",\"url\":\"https:\\\/\\\/www.cyberguru.it\\\/de\\\/demo-anfordern\\\/\",\"name\":\"Fordern Sie die Demo der Security Awareness Plattform an - Cyber Guru\",\"isPartOf\":{\"@id\":\"https:\\\/\\\/www.cyberguru.it\\\/de\\\/#website\"},\"primaryImageOfPage\":{\"@id\":\"https:\\\/\\\/www.cyberguru.it\\\/de\\\/demo-anfordern\\\/#primaryimage\"},\"image\":{\"@id\":\"https:\\\/\\\/www.cyberguru.it\\\/de\\\/demo-anfordern\\\/#primaryimage\"},\"thumbnailUrl\":\"https:\\\/\\\/www.cyberguru.it\\\/wp-content\\\/uploads\\\/2025\\\/07\\\/yes-300x220.png\",\"datePublished\":\"2025-09-04T09:00:22+00:00\",\"dateModified\":\"2026-04-21T10:52:51+00:00\",\"description\":\"Entdecken Sie unsere Plattform und buchen Sie eine Demo, um zu erfahren, wie Sie Cyber-Bedrohungen mit konkreten Ergebnissen verhindern k\u00f6nnen.\",\"breadcrumb\":{\"@id\":\"https:\\\/\\\/www.cyberguru.it\\\/de\\\/demo-anfordern\\\/#breadcrumb\"},\"inLanguage\":\"de\",\"potentialAction\":[{\"@type\":\"ReadAction\",\"target\":[\"https:\\\/\\\/www.cyberguru.it\\\/de\\\/demo-anfordern\\\/\"]}]},{\"@type\":\"ImageObject\",\"inLanguage\":\"de\",\"@id\":\"https:\\\/\\\/www.cyberguru.it\\\/de\\\/demo-anfordern\\\/#primaryimage\",\"url\":\"https:\\\/\\\/www.cyberguru.it\\\/wp-content\\\/uploads\\\/2025\\\/07\\\/yes-300x220.png\",\"contentUrl\":\"https:\\\/\\\/www.cyberguru.it\\\/wp-content\\\/uploads\\\/2025\\\/07\\\/yes-300x220.png\"},{\"@type\":\"BreadcrumbList\",\"@id\":\"https:\\\/\\\/www.cyberguru.it\\\/de\\\/demo-anfordern\\\/#breadcrumb\",\"itemListElement\":[{\"@type\":\"ListItem\",\"position\":1,\"name\":\"Home\",\"item\":\"https:\\\/\\\/www.cyberguru.it\\\/de\\\/homepage-v2-entwurf\\\/\"},{\"@type\":\"ListItem\",\"position\":2,\"name\":\"Demo anfordern\"}]},{\"@type\":\"WebSite\",\"@id\":\"https:\\\/\\\/www.cyberguru.it\\\/de\\\/#website\",\"url\":\"https:\\\/\\\/www.cyberguru.it\\\/de\\\/\",\"name\":\"Cyber Guru\",\"description\":\"Security Awareness Training That Works!\",\"potentialAction\":[{\"@type\":\"SearchAction\",\"target\":{\"@type\":\"EntryPoint\",\"urlTemplate\":\"https:\\\/\\\/www.cyberguru.it\\\/de\\\/?s={search_term_string}\"},\"query-input\":{\"@type\":\"PropertyValueSpecification\",\"valueRequired\":true,\"valueName\":\"search_term_string\"}}],\"inLanguage\":\"de\"}]}<\/script>\n<!-- \/ Yoast SEO Premium plugin. -->","yoast_head_json":{"title":"Fordern Sie die Demo der Security Awareness Plattform an - Cyber Guru","description":"Entdecken Sie unsere Plattform und buchen Sie eine Demo, um zu erfahren, wie Sie Cyber-Bedrohungen mit konkreten Ergebnissen verhindern k\u00f6nnen.","robots":{"index":"index","follow":"follow","max-snippet":"max-snippet:-1","max-image-preview":"max-image-preview:large","max-video-preview":"max-video-preview:-1"},"canonical":"https:\/\/www.cyberguru.it\/de\/demo-anfordern\/","og_locale":"de_DE","og_type":"article","og_title":"Demo anfordern","og_description":"Entdecken Sie unsere Plattform und buchen Sie eine Demo, um zu erfahren, wie Sie Cyber-Bedrohungen mit konkreten Ergebnissen verhindern k\u00f6nnen.","og_url":"https:\/\/www.cyberguru.it\/de\/demo-anfordern\/","og_site_name":"Cyber Guru","article_publisher":"https:\/\/www.facebook.com\/Cyber.Guru.Enterprise","article_modified_time":"2026-04-21T10:52:51+00:00","og_image":[{"url":"http:\/\/www.cyberguru.it\/wp-content\/uploads\/2025\/09\/Mix_Awareness_IT-1024x723.webp","type":"","width":"","height":""}],"twitter_card":"summary_large_image","twitter_misc":{"Gesch\u00e4tzte Lesezeit":"4\u00a0Minuten"},"schema":{"@context":"https:\/\/schema.org","@graph":[{"@type":"WebPage","@id":"https:\/\/www.cyberguru.it\/de\/demo-anfordern\/","url":"https:\/\/www.cyberguru.it\/de\/demo-anfordern\/","name":"Fordern Sie die Demo der Security Awareness Plattform an - Cyber Guru","isPartOf":{"@id":"https:\/\/www.cyberguru.it\/de\/#website"},"primaryImageOfPage":{"@id":"https:\/\/www.cyberguru.it\/de\/demo-anfordern\/#primaryimage"},"image":{"@id":"https:\/\/www.cyberguru.it\/de\/demo-anfordern\/#primaryimage"},"thumbnailUrl":"https:\/\/www.cyberguru.it\/wp-content\/uploads\/2025\/07\/yes-300x220.png","datePublished":"2025-09-04T09:00:22+00:00","dateModified":"2026-04-21T10:52:51+00:00","description":"Entdecken Sie unsere Plattform und buchen Sie eine Demo, um zu erfahren, wie Sie Cyber-Bedrohungen mit konkreten Ergebnissen verhindern k\u00f6nnen.","breadcrumb":{"@id":"https:\/\/www.cyberguru.it\/de\/demo-anfordern\/#breadcrumb"},"inLanguage":"de","potentialAction":[{"@type":"ReadAction","target":["https:\/\/www.cyberguru.it\/de\/demo-anfordern\/"]}]},{"@type":"ImageObject","inLanguage":"de","@id":"https:\/\/www.cyberguru.it\/de\/demo-anfordern\/#primaryimage","url":"https:\/\/www.cyberguru.it\/wp-content\/uploads\/2025\/07\/yes-300x220.png","contentUrl":"https:\/\/www.cyberguru.it\/wp-content\/uploads\/2025\/07\/yes-300x220.png"},{"@type":"BreadcrumbList","@id":"https:\/\/www.cyberguru.it\/de\/demo-anfordern\/#breadcrumb","itemListElement":[{"@type":"ListItem","position":1,"name":"Home","item":"https:\/\/www.cyberguru.it\/de\/homepage-v2-entwurf\/"},{"@type":"ListItem","position":2,"name":"Demo anfordern"}]},{"@type":"WebSite","@id":"https:\/\/www.cyberguru.it\/de\/#website","url":"https:\/\/www.cyberguru.it\/de\/","name":"Cyber Guru","description":"Security Awareness Training That Works!","potentialAction":[{"@type":"SearchAction","target":{"@type":"EntryPoint","urlTemplate":"https:\/\/www.cyberguru.it\/de\/?s={search_term_string}"},"query-input":{"@type":"PropertyValueSpecification","valueRequired":true,"valueName":"search_term_string"}}],"inLanguage":"de"}]}},"_links":{"self":[{"href":"https:\/\/www.cyberguru.it\/de\/wp-json\/wp\/v2\/pages\/50467","targetHints":{"allow":["GET"]}}],"collection":[{"href":"https:\/\/www.cyberguru.it\/de\/wp-json\/wp\/v2\/pages"}],"about":[{"href":"https:\/\/www.cyberguru.it\/de\/wp-json\/wp\/v2\/types\/page"}],"author":[{"embeddable":true,"href":"https:\/\/www.cyberguru.it\/de\/wp-json\/wp\/v2\/users\/4"}],"replies":[{"embeddable":true,"href":"https:\/\/www.cyberguru.it\/de\/wp-json\/wp\/v2\/comments?post=50467"}],"version-history":[{"count":8,"href":"https:\/\/www.cyberguru.it\/de\/wp-json\/wp\/v2\/pages\/50467\/revisions"}],"predecessor-version":[{"id":57287,"href":"https:\/\/www.cyberguru.it\/de\/wp-json\/wp\/v2\/pages\/50467\/revisions\/57287"}],"wp:attachment":[{"href":"https:\/\/www.cyberguru.it\/de\/wp-json\/wp\/v2\/media?parent=50467"}],"curies":[{"name":"wp","href":"https:\/\/api.w.org\/{rel}","templated":true}]}}