{"id":40866,"date":"2024-10-24T14:43:48","date_gmt":"2024-10-24T14:43:48","guid":{"rendered":"https:\/\/www.cyberguru.it\/?page_id=40866"},"modified":"2026-04-08T14:56:03","modified_gmt":"2026-04-08T14:56:03","slug":"wie-kaufen","status":"publish","type":"page","link":"https:\/\/www.cyberguru.it\/de\/wie-kaufen\/","title":{"rendered":"Wie kaufen"},"content":{"rendered":"<p>[et_pb_section fb_built=&#8220;1&#8243; _builder_version=&#8220;4.19.4&#8243; _module_preset=&#8220;default&#8220; background_image=&#8220;https:\/\/www.cyberguru.it\/wp-content\/uploads\/2022\/10\/Hero-1.webp&#8220; locked=&#8220;off&#8220; global_colors_info=&#8220;{}&#8220;][et_pb_row custom_padding_last_edited=&#8220;on|phone&#8220; _builder_version=&#8220;4.19.4&#8243; _module_preset=&#8220;default&#8220; width=&#8220;100%&#8220; max_width=&#8220;2560px&#8220; custom_margin=&#8220;150px||||false|false&#8220; custom_padding=&#8220;|||10%|false|false&#8220; custom_padding_tablet=&#8220;|||10%|false|false&#8220; custom_padding_phone=&#8220;|5%||5%|false|true&#8220; global_colors_info=&#8220;{}&#8220;][et_pb_column type=&#8220;4_4&#8243; _builder_version=&#8220;4.18.0&#8243; _module_preset=&#8220;default&#8220; global_colors_info=&#8220;{}&#8220;][et_pb_text _builder_version=&#8220;4.27.4&#8243; _module_preset=&#8220;default&#8220; header_font=&#8220;Inter|700|||||||&#8220; header_text_color=&#8220;#FFFFFF&#8220; header_font_size=&#8220;60px&#8220; custom_margin=&#8220;||||false|false&#8220; custom_padding=&#8220;||||false|false&#8220; header_font_size_tablet=&#8220;60px&#8220; header_font_size_phone=&#8220;42px&#8220; header_font_size_last_edited=&#8220;on|phone&#8220; global_colors_info=&#8220;{}&#8220;]<\/p>\n<h1>Vertrieb<\/h1>\n<p>[\/et_pb_text][et_pb_button button_url=&#8220;@ET-DC@eyJkeW5hbWljIjp0cnVlLCJjb250ZW50IjoicG9zdF9saW5rX3VybF9wYWdlIiwic2V0dGluZ3MiOnsicG9zdF9pZCI6IjExMTgiLCJlbmFibGVfaHRtbCI6Im9mZiJ9fQ==@&#8220; button_text=&#8220;DEMO ANFORDERN&#8220; button_alignment=&#8220;left&#8220; disabled_on=&#8220;off|off|off&#8220; _builder_version=&#8220;4.27.3&#8243; _dynamic_attributes=&#8220;button_url&#8220; _module_preset=&#8220;default&#8220; custom_button=&#8220;on&#8220; button_text_size=&#8220;14px&#8220; button_text_color=&#8220;#FFFFFF&#8220; button_bg_color=&#8220;#f18a00&#8243; button_border_width=&#8220;0px&#8220; button_border_radius=&#8220;3px&#8220; button_font=&#8220;Rubik|||on|||||&#8220; button_use_icon=&#8220;off&#8220; custom_margin=&#8220;10px||10px||true|false&#8220; custom_padding=&#8220;8px||8px||true|true&#8220; custom_css_main_element=&#8220;width:200px;||min-width:200px;||max-width:200px;||text-align:center;&#8220; saved_tabs=&#8220;all&#8220; locked=&#8220;off&#8220; global_colors_info=&#8220;{%22gcid-ea7ac644-2741-4063-86d6-d9905bae6680%22:%91%22button_bg_color%22%93}&#8220;][\/et_pb_button][\/et_pb_column][\/et_pb_row][\/et_pb_section][et_pb_section fb_built=&#8220;1&#8243; _builder_version=&#8220;4.18.0&#8243; _module_preset=&#8220;default&#8220; background_enable_color=&#8220;off&#8220; background_image=&#8220;https:\/\/www.cyberguru.it\/wp-content\/uploads\/2022\/10\/Rete_Neuronale-2ng.webp&#8220; background_position=&#8220;bottom_center&#8220; custom_padding=&#8220;50px||50px||true|false&#8220; locked=&#8220;off&#8220; global_colors_info=&#8220;{}&#8220;][et_pb_row custom_padding_last_edited=&#8220;off|desktop&#8220; admin_label=&#8220;Linie&#8220; _builder_version=&#8220;4.27.2&#8243; _module_preset=&#8220;default&#8220; background_enable_color=&#8220;off&#8220; max_width=&#8220;1440px&#8220; custom_margin=&#8220;||0px||false|false&#8220; custom_padding=&#8220;||0px||false|true&#8220; custom_padding_tablet=&#8220;|100px||100px|false|true&#8220; custom_padding_phone=&#8220;70px|5px|0px|5px|false|true&#8220; border_radii=&#8220;off|10px|10px||&#8220; locked=&#8220;off&#8220; global_colors_info=&#8220;{}&#8220;][et_pb_column type=&#8220;4_4&#8243; _builder_version=&#8220;4.18.0&#8243; _module_preset=&#8220;default&#8220; global_colors_info=&#8220;{}&#8220;][et_pb_text _builder_version=&#8220;4.27.4&#8243; _module_preset=&#8220;default&#8220; text_font=&#8220;Inter||||||||&#8220; text_font_size=&#8220;16px&#8220; text_orientation=&#8220;center&#8220; custom_padding=&#8220;||30px||false|false&#8220; global_colors_info=&#8220;{}&#8220;]Warten Sie, bis die Karte geladen ist, um einen Partner in Ihrer N\u00e4he zu finden[\/et_pb_text][et_pb_code _builder_version=&#8220;4.27.6&#8243; _module_preset=&#8220;default&#8220; hover_enabled=&#8220;0&#8243; global_colors_info=&#8220;{}&#8220; sticky_enabled=&#8220;0&#8243;]<script type='text\/javascript' <!-- [et_pb_line_break_holder] -->        src='https:\/\/widgets.eu.ziftsolutions.com\/cyberguru.ziftsolutions.com\/js\/8aa3e5fe92ab91090192b9d9a2c52cbf' <!-- [et_pb_line_break_holder] -->        \/\/src='https:\/\/widgets.eu.ziftsolutions.com\/cyberguru.ziftsolutions.com\/js\/8aa3c51d8d75f8d7018d8989d9fb0172'<!-- [et_pb_line_break_holder] -->        charset='utf-8'><!-- [et_pb_line_break_holder] --><\/script>[\/et_pb_code][\/et_pb_column][\/et_pb_row][\/et_pb_section]<\/p>\n","protected":false},"excerpt":{"rendered":"<p>VertriebWarten Sie, bis die Karte geladen ist, um einen Partner in Ihrer N\u00e4he zu finden<\/p>\n","protected":false},"author":4,"featured_media":0,"parent":0,"menu_order":0,"comment_status":"closed","ping_status":"closed","template":"","meta":{"_et_pb_use_builder":"on","_et_pb_old_content":"","_et_gb_content_width":"","content-type":"","footnotes":""},"class_list":["post-40866","page","type-page","status-publish","hentry"],"yoast_head":"<!-- This site is optimized with the Yoast SEO Premium plugin v27.4 (Yoast SEO v27.4) - https:\/\/yoast.com\/product\/yoast-seo-premium-wordpress\/ -->\n<title>Wie kaufen - Cyber Guru L\u00f6sungen f\u00fcr die Sensibilisierung f\u00fcr Cybersicherheit<\/title>\n<meta name=\"description\" content=\"Finden Sie einen Partner in Ihrer N\u00e4he, um unsere Cyber Guru Plattform zu nutzen\" \/>\n<meta name=\"robots\" content=\"index, follow, max-snippet:-1, max-image-preview:large, max-video-preview:-1\" \/>\n<link rel=\"canonical\" href=\"https:\/\/www.cyberguru.it\/de\/wie-kaufen\/\" \/>\n<meta property=\"og:locale\" content=\"de_DE\" \/>\n<meta property=\"og:type\" content=\"article\" \/>\n<meta property=\"og:title\" content=\"Wie kaufen\" \/>\n<meta property=\"og:description\" content=\"Finden Sie einen Partner in Ihrer N\u00e4he, um unsere Cyber Guru Plattform zu nutzen\" \/>\n<meta property=\"og:url\" content=\"https:\/\/www.cyberguru.it\/de\/wie-kaufen\/\" \/>\n<meta property=\"og:site_name\" content=\"Cyber Guru\" \/>\n<meta property=\"article:publisher\" content=\"https:\/\/www.facebook.com\/Cyber.Guru.Enterprise\" \/>\n<meta property=\"article:modified_time\" content=\"2026-04-08T14:56:03+00:00\" \/>\n<meta property=\"og:image\" content=\"https:\/\/www.cyberguru.it\/wp-content\/uploads\/2023\/12\/social.jpg\" \/>\n\t<meta property=\"og:image:width\" content=\"1512\" \/>\n\t<meta property=\"og:image:height\" content=\"981\" \/>\n\t<meta property=\"og:image:type\" content=\"image\/jpeg\" \/>\n<meta name=\"twitter:card\" content=\"summary_large_image\" \/>\n<meta name=\"twitter:label1\" content=\"Gesch\u00e4tzte Lesezeit\" \/>\n\t<meta name=\"twitter:data1\" content=\"2\u00a0Minuten\" \/>\n<script type=\"application\/ld+json\" class=\"yoast-schema-graph\">{\"@context\":\"https:\\\/\\\/schema.org\",\"@graph\":[{\"@type\":\"WebPage\",\"@id\":\"https:\\\/\\\/www.cyberguru.it\\\/de\\\/wie-kaufen\\\/\",\"url\":\"https:\\\/\\\/www.cyberguru.it\\\/de\\\/wie-kaufen\\\/\",\"name\":\"Wie kaufen - Cyber Guru L\u00f6sungen f\u00fcr die Sensibilisierung f\u00fcr Cybersicherheit\",\"isPartOf\":{\"@id\":\"https:\\\/\\\/www.cyberguru.it\\\/de\\\/#website\"},\"datePublished\":\"2024-10-24T14:43:48+00:00\",\"dateModified\":\"2026-04-08T14:56:03+00:00\",\"description\":\"Finden Sie einen Partner in Ihrer N\u00e4he, um unsere Cyber Guru Plattform zu nutzen\",\"breadcrumb\":{\"@id\":\"https:\\\/\\\/www.cyberguru.it\\\/de\\\/wie-kaufen\\\/#breadcrumb\"},\"inLanguage\":\"de\",\"potentialAction\":[{\"@type\":\"ReadAction\",\"target\":[\"https:\\\/\\\/www.cyberguru.it\\\/de\\\/wie-kaufen\\\/\"]}]},{\"@type\":\"BreadcrumbList\",\"@id\":\"https:\\\/\\\/www.cyberguru.it\\\/de\\\/wie-kaufen\\\/#breadcrumb\",\"itemListElement\":[{\"@type\":\"ListItem\",\"position\":1,\"name\":\"Home\",\"item\":\"https:\\\/\\\/www.cyberguru.it\\\/de\\\/homepage-v2-entwurf\\\/\"},{\"@type\":\"ListItem\",\"position\":2,\"name\":\"Wie kaufen\"}]},{\"@type\":\"WebSite\",\"@id\":\"https:\\\/\\\/www.cyberguru.it\\\/de\\\/#website\",\"url\":\"https:\\\/\\\/www.cyberguru.it\\\/de\\\/\",\"name\":\"Cyber Guru\",\"description\":\"Security Awareness Training That Works!\",\"potentialAction\":[{\"@type\":\"SearchAction\",\"target\":{\"@type\":\"EntryPoint\",\"urlTemplate\":\"https:\\\/\\\/www.cyberguru.it\\\/de\\\/?s={search_term_string}\"},\"query-input\":{\"@type\":\"PropertyValueSpecification\",\"valueRequired\":true,\"valueName\":\"search_term_string\"}}],\"inLanguage\":\"de\"}]}<\/script>\n<!-- \/ Yoast SEO Premium plugin. -->","yoast_head_json":{"title":"Wie kaufen - Cyber Guru L\u00f6sungen f\u00fcr die Sensibilisierung f\u00fcr Cybersicherheit","description":"Finden Sie einen Partner in Ihrer N\u00e4he, um unsere Cyber Guru Plattform zu nutzen","robots":{"index":"index","follow":"follow","max-snippet":"max-snippet:-1","max-image-preview":"max-image-preview:large","max-video-preview":"max-video-preview:-1"},"canonical":"https:\/\/www.cyberguru.it\/de\/wie-kaufen\/","og_locale":"de_DE","og_type":"article","og_title":"Wie kaufen","og_description":"Finden Sie einen Partner in Ihrer N\u00e4he, um unsere Cyber Guru Plattform zu nutzen","og_url":"https:\/\/www.cyberguru.it\/de\/wie-kaufen\/","og_site_name":"Cyber Guru","article_publisher":"https:\/\/www.facebook.com\/Cyber.Guru.Enterprise","article_modified_time":"2026-04-08T14:56:03+00:00","og_image":[{"width":1512,"height":981,"url":"https:\/\/www.cyberguru.it\/wp-content\/uploads\/2023\/12\/social.jpg","type":"image\/jpeg"}],"twitter_card":"summary_large_image","twitter_misc":{"Gesch\u00e4tzte Lesezeit":"2\u00a0Minuten"},"schema":{"@context":"https:\/\/schema.org","@graph":[{"@type":"WebPage","@id":"https:\/\/www.cyberguru.it\/de\/wie-kaufen\/","url":"https:\/\/www.cyberguru.it\/de\/wie-kaufen\/","name":"Wie kaufen - Cyber Guru L\u00f6sungen f\u00fcr die Sensibilisierung f\u00fcr Cybersicherheit","isPartOf":{"@id":"https:\/\/www.cyberguru.it\/de\/#website"},"datePublished":"2024-10-24T14:43:48+00:00","dateModified":"2026-04-08T14:56:03+00:00","description":"Finden Sie einen Partner in Ihrer N\u00e4he, um unsere Cyber Guru Plattform zu nutzen","breadcrumb":{"@id":"https:\/\/www.cyberguru.it\/de\/wie-kaufen\/#breadcrumb"},"inLanguage":"de","potentialAction":[{"@type":"ReadAction","target":["https:\/\/www.cyberguru.it\/de\/wie-kaufen\/"]}]},{"@type":"BreadcrumbList","@id":"https:\/\/www.cyberguru.it\/de\/wie-kaufen\/#breadcrumb","itemListElement":[{"@type":"ListItem","position":1,"name":"Home","item":"https:\/\/www.cyberguru.it\/de\/homepage-v2-entwurf\/"},{"@type":"ListItem","position":2,"name":"Wie kaufen"}]},{"@type":"WebSite","@id":"https:\/\/www.cyberguru.it\/de\/#website","url":"https:\/\/www.cyberguru.it\/de\/","name":"Cyber Guru","description":"Security Awareness Training That Works!","potentialAction":[{"@type":"SearchAction","target":{"@type":"EntryPoint","urlTemplate":"https:\/\/www.cyberguru.it\/de\/?s={search_term_string}"},"query-input":{"@type":"PropertyValueSpecification","valueRequired":true,"valueName":"search_term_string"}}],"inLanguage":"de"}]}},"_links":{"self":[{"href":"https:\/\/www.cyberguru.it\/de\/wp-json\/wp\/v2\/pages\/40866","targetHints":{"allow":["GET"]}}],"collection":[{"href":"https:\/\/www.cyberguru.it\/de\/wp-json\/wp\/v2\/pages"}],"about":[{"href":"https:\/\/www.cyberguru.it\/de\/wp-json\/wp\/v2\/types\/page"}],"author":[{"embeddable":true,"href":"https:\/\/www.cyberguru.it\/de\/wp-json\/wp\/v2\/users\/4"}],"replies":[{"embeddable":true,"href":"https:\/\/www.cyberguru.it\/de\/wp-json\/wp\/v2\/comments?post=40866"}],"version-history":[{"count":22,"href":"https:\/\/www.cyberguru.it\/de\/wp-json\/wp\/v2\/pages\/40866\/revisions"}],"predecessor-version":[{"id":56093,"href":"https:\/\/www.cyberguru.it\/de\/wp-json\/wp\/v2\/pages\/40866\/revisions\/56093"}],"wp:attachment":[{"href":"https:\/\/www.cyberguru.it\/de\/wp-json\/wp\/v2\/media?parent=40866"}],"curies":[{"name":"wp","href":"https:\/\/api.w.org\/{rel}","templated":true}]}}